{"id":11,"date":"2009-01-10T16:37:12","date_gmt":"2009-01-10T15:37:12","guid":{"rendered":"http:\/\/ludaude.fr\/?page_id=11"},"modified":"2022-10-11T14:12:55","modified_gmt":"2022-10-11T13:12:55","slug":"les-administrateurs","status":"publish","type":"page","link":"https:\/\/ludaude.fr\/?page_id=11","title":{"rendered":"Nos administrateurs"},"content":{"rendered":"<p style=\"text-align: justify;\"><span style=\"color: #000000;\">L\u2019association a comme souhait d\u2019avoir un Conseil d\u2019Administration repr\u00e9sentatif des utilisateurs de la ludoth\u00e8que;&nbsp; il y a donc des parents, des professionnels de l\u2019enfance, des enseignants, des jeunes et moins jeunes\u2026<\/span><\/p>\n<p style=\"text-align: justify;\"><span style=\"color: #000000;\">Si notre projet vous int\u00e9resse, si vous souhaitez vous impliquer au Conseil d&rsquo;Administration ou juste donner un coup de main de temps en temps, n&rsquo;h\u00e9sitez pas \u00e0 nous contacter&#8230; il y a toujours pleins de choses \u00e0 faire !<\/span><\/p>\n<p><strong><span style=\"color: #b90064;\">Composition du bureau :<\/span><\/strong><\/p>\n<ul>\n<li><span style=\"color: #000000;\"><strong style=\"color: #000000; line-height: 1.5em;\">Co-pr\u00e9sidente <\/strong><span style=\"line-height: 1.5em;\">: <\/span><em style=\"color: #000000; line-height: 1.5em;\">St\u00e9phanie NETTER,<\/em><span style=\"line-height: 1.5em;\"> m\u00e9decin PMI,<\/span><\/span><\/li>\n<li><span style=\"color: #000000;\"><strong>Tr\u00e9sori\u00e8re<\/strong> : <em>Claire BREPSON, <\/em>animatrice<br \/>\n<\/span><\/li>\n<li><span style=\"color: #000000;\"><strong style=\"color: #000000; line-height: 1.5em;\">Secr\u00e9taire :<\/strong><span style=\"line-height: 1.5em;\">&nbsp;<em>Laure SIGALAS LABOUREL<\/em>, professeure des \u00e9coles<\/span><\/span><\/li>\n<\/ul>\n<p><span style=\"color: #000000;\">&nbsp;<\/span><strong><span style=\"color: #b90064;\">Composition du conseil d\u2019administration \u00e9lu pour 2022<\/span><\/strong><\/p>\n<p><span style=\"color: #000000;\">Laure Sigalas Labourel<br \/>\nDidier Casal<\/span><span style=\"color: #000000;\">St\u00e9phanie Netter<br \/>\nPerrine Cantier<br \/>\nClaire Brepson <\/span><span style=\"color: #000000;\"><br \/>\nEdith Scholz<\/span><\/p>\n","protected":false},"excerpt":{"rendered":"<p>L\u2019association a comme souhait d\u2019avoir un Conseil d\u2019Administration repr\u00e9sentatif des utilisateurs de la ludoth\u00e8que;&nbsp; il y a donc des parents,&hellip; <a class=\"read-more\" href=\"https:\/\/ludaude.fr\/?page_id=11\">Continuer la lecture<\/a><\/p>\n","protected":false},"author":1,"featured_media":0,"parent":9,"menu_order":0,"comment_status":"closed","ping_status":"closed","template":"","meta":{"ngg_post_thumbnail":0,"footnotes":""},"class_list":["post-11","page","type-page","status-publish","hentry"],"_links":{"self":[{"href":"https:\/\/ludaude.fr\/index.php?rest_route=\/wp\/v2\/pages\/11","targetHints":{"allow":["GET"]}}],"collection":[{"href":"https:\/\/ludaude.fr\/index.php?rest_route=\/wp\/v2\/pages"}],"about":[{"href":"https:\/\/ludaude.fr\/index.php?rest_route=\/wp\/v2\/types\/page"}],"author":[{"embeddable":true,"href":"https:\/\/ludaude.fr\/index.php?rest_route=\/wp\/v2\/users\/1"}],"replies":[{"embeddable":true,"href":"https:\/\/ludaude.fr\/index.php?rest_route=%2Fwp%2Fv2%2Fcomments&post=11"}],"version-history":[{"count":52,"href":"https:\/\/ludaude.fr\/index.php?rest_route=\/wp\/v2\/pages\/11\/revisions"}],"predecessor-version":[{"id":3384,"href":"https:\/\/ludaude.fr\/index.php?rest_route=\/wp\/v2\/pages\/11\/revisions\/3384"}],"up":[{"embeddable":true,"href":"https:\/\/ludaude.fr\/index.php?rest_route=\/wp\/v2\/pages\/9"}],"wp:attachment":[{"href":"https:\/\/ludaude.fr\/index.php?rest_route=%2Fwp%2Fv2%2Fmedia&parent=11"}],"curies":[{"name":"wp","href":"https:\/\/api.w.org\/{rel}","templated":true}]}}