{"id":117,"date":"2009-01-11T22:30:46","date_gmt":"2009-01-11T21:30:46","guid":{"rendered":"http:\/\/ludaude.fr\/?page_id=117"},"modified":"2020-12-01T15:43:46","modified_gmt":"2020-12-01T14:43:46","slug":"nos-partenaires","status":"publish","type":"page","link":"https:\/\/ludaude.fr\/?page_id=117","title":{"rendered":"Nos partenaires"},"content":{"rendered":"<p><a href=\"http:\/\/www.paysdecouiza.fr\" target=\"_blank\" rel=\"noopener noreferrer\"><img loading=\"lazy\" decoding=\"async\" class=\"alignnone size-full wp-image-819\" title=\"Communaut\u00e9 de Communes du Pays de Couiza\" src=\"http:\/\/ludaude.fr\/wp-content\/uploads\/2009\/01\/logo-cdc.jpg\" alt=\"Communaut\u00e9 de Communes du Pays de Couiza\" width=\"80\" height=\"80\"><\/a>Communaut\u00e9 de Communes du Pays de Couiza<\/p>\n<p><a href=\"http:\/\/www.reaap11hva.com\/\"><img loading=\"lazy\" decoding=\"async\" class=\" wp-image-2282 alignleft\" src=\"http:\/\/ludaude.fr\/wp-content\/uploads\/2009\/01\/REAAP.png\" alt=\"REAAP\" width=\"69\" height=\"78\"><\/a><\/p>\n<p>R\u00e9seau d&rsquo;Ecoute d&rsquo;Appui et d&rsquo;Accompagnement des Parents &#8211; Comit\u00e9 local de la Haute Vall\u00e9e<\/p>\n<p><a href=\"http:\/\/www.aude.caf.fr\" target=\"_blank\" rel=\"noopener noreferrer\"><img loading=\"lazy\" decoding=\"async\" class=\"alignnone size-full wp-image-889\" title=\"CAF de l'Aude\" src=\"http:\/\/ludaude.fr\/wp-content\/uploads\/2009\/01\/caf-de-laude.jpg\" alt=\"CAF de l'Aude\" width=\"80\" height=\"80\"><\/a>CAF de l&rsquo;Aude<\/p>\n<p><a href=\"http:\/\/www.ddjs-aude.jeunesse-sports.gouv.fr\" target=\"_blank\" rel=\"noopener noreferrer\"><img loading=\"lazy\" decoding=\"async\" class=\"alignnone size-full wp-image-893\" title=\"Minist\u00e8re Sant\u00e9 Jeunesse Sport Vie Associative\" src=\"http:\/\/ludaude.fr\/wp-content\/uploads\/2009\/01\/ministere-sante-jeunesse-sport-vie-associative.jpg\" alt=\"Minist\u00e8re Sant\u00e9 Jeunesse Sport Vie Associative\" width=\"80\" height=\"80\"><\/a>Direction D\u00e9partementale de la Coh\u00e9sion Sociale et&nbsp;de Protection des Populations de l&rsquo;Aude<\/p>\n<p><a href=\"http:\/\/www.cg11.fr\" target=\"_blank\" rel=\"noopener noreferrer\"><img loading=\"lazy\" decoding=\"async\" class=\"alignnone size-full wp-image-890\" title=\"Conseil G\u00e9n\u00e9ral de l'Aude\" src=\"http:\/\/ludaude.fr\/wp-content\/uploads\/2009\/01\/conseil-general-de-laude.jpg\" alt=\"Conseil G\u00e9n\u00e9ral de l'Aude\" width=\"80\" height=\"80\"><\/a>Conseil G\u00e9n\u00e9ral de l&rsquo;Aude<\/p>\n<p><img loading=\"lazy\" decoding=\"async\" class=\"alignnone size-full wp-image-892\" title=\"Mairie de Couiza\" src=\"http:\/\/ludaude.fr\/wp-content\/uploads\/2009\/01\/mairie-de-couiza-bis.jpg\" alt=\"Mairie de Couiza\" width=\"80\" height=\"80\">Mairie de Couiza<\/p>\n<p><a href=\"http:\/\/www.alf-ludotheques.org\" target=\"_blank\" rel=\"noopener noreferrer\"><img loading=\"lazy\" decoding=\"async\" class=\"alignnone size-full wp-image-817\" title=\"Association des Ludoth\u00e8ques de france\" src=\"http:\/\/ludaude.fr\/wp-content\/uploads\/2009\/01\/logo-alf.jpg\" alt=\"Association des Ludoth\u00e8ques de france\" width=\"80\" height=\"80\"><\/a>Association des Ludoth\u00e8ques Fran\u00e7aise<\/p>\n<p><a href=\"http:\/\/ludaude.fr\/wp-content\/uploads\/2009\/01\/Logo-ludule.jpg\"><img loading=\"lazy\" decoding=\"async\" class=\"alignnone  wp-image-1838\" title=\"Logo ludule\" src=\"http:\/\/ludaude.fr\/wp-content\/uploads\/2009\/01\/Logo-ludule.jpg\" alt=\"\" width=\"98\" height=\"78\"><\/a>Association Ludule, ludoth\u00e8que des Corbi\u00e8res<\/p>\n<p><a href=\"http:\/\/www.lesenfantsdulude.org\/\" target=\"_blank\" rel=\"noopener noreferrer\">Les enfants du Lude<\/a>, ludoth\u00e8que de Perpignan<\/p>\n<p>&nbsp;Festival Alchimie du jeu \u00e0 Toulouse<\/p>\n<p>&nbsp;<\/p>\n<p style=\"text-align: center;\">&nbsp;<\/p>\n","protected":false},"excerpt":{"rendered":"<p>Communaut\u00e9 de Communes du Pays de Couiza R\u00e9seau d&rsquo;Ecoute d&rsquo;Appui et d&rsquo;Accompagnement des Parents &#8211; Comit\u00e9 local de la Haute&hellip; <a class=\"read-more\" href=\"https:\/\/ludaude.fr\/?page_id=117\">Continuer la lecture<\/a><\/p>\n","protected":false},"author":1,"featured_media":0,"parent":9,"menu_order":2,"comment_status":"closed","ping_status":"closed","template":"","meta":{"ngg_post_thumbnail":0,"footnotes":""},"class_list":["post-117","page","type-page","status-publish","hentry"],"_links":{"self":[{"href":"https:\/\/ludaude.fr\/index.php?rest_route=\/wp\/v2\/pages\/117","targetHints":{"allow":["GET"]}}],"collection":[{"href":"https:\/\/ludaude.fr\/index.php?rest_route=\/wp\/v2\/pages"}],"about":[{"href":"https:\/\/ludaude.fr\/index.php?rest_route=\/wp\/v2\/types\/page"}],"author":[{"embeddable":true,"href":"https:\/\/ludaude.fr\/index.php?rest_route=\/wp\/v2\/users\/1"}],"replies":[{"embeddable":true,"href":"https:\/\/ludaude.fr\/index.php?rest_route=%2Fwp%2Fv2%2Fcomments&post=117"}],"version-history":[{"count":89,"href":"https:\/\/ludaude.fr\/index.php?rest_route=\/wp\/v2\/pages\/117\/revisions"}],"predecessor-version":[{"id":3360,"href":"https:\/\/ludaude.fr\/index.php?rest_route=\/wp\/v2\/pages\/117\/revisions\/3360"}],"up":[{"embeddable":true,"href":"https:\/\/ludaude.fr\/index.php?rest_route=\/wp\/v2\/pages\/9"}],"wp:attachment":[{"href":"https:\/\/ludaude.fr\/index.php?rest_route=%2Fwp%2Fv2%2Fmedia&parent=117"}],"curies":[{"name":"wp","href":"https:\/\/api.w.org\/{rel}","templated":true}]}}