{"id":1570,"date":"2011-05-14T23:23:09","date_gmt":"2011-05-14T22:23:09","guid":{"rendered":"http:\/\/ludaude.fr\/?page_id=1570"},"modified":"2022-07-20T15:31:37","modified_gmt":"2022-07-20T14:31:37","slug":"agendaactualites","status":"publish","type":"page","link":"https:\/\/ludaude.fr\/?page_id=1570","title":{"rendered":"Actualit\u00e9s"},"content":{"rendered":"\n<figure class=\"wp-block-image size-large\"><img loading=\"lazy\" decoding=\"async\" width=\"851\" height=\"315\" src=\"http:\/\/ludaude.fr\/wp-content\/uploads\/14517391_1732194993710275_2168130038694182214_n.jpg\" alt=\"\" class=\"wp-image-3182\" srcset=\"https:\/\/ludaude.fr\/wp-content\/uploads\/14517391_1732194993710275_2168130038694182214_n.jpg 851w, https:\/\/ludaude.fr\/wp-content\/uploads\/14517391_1732194993710275_2168130038694182214_n-300x111.jpg 300w, https:\/\/ludaude.fr\/wp-content\/uploads\/14517391_1732194993710275_2168130038694182214_n-768x284.jpg 768w\" sizes=\"auto, (max-width: 851px) 100vw, 851px\" \/><\/figure>\n\n\n\n<p>Septembre 2020 : <\/p>\n\n\n\n<ul class=\"wp-block-list\"><li>D\u00e8s la rentr\u00e9e : retrouvez votre ludoth\u00e8que \u00e0 MONTAZELS !<\/li><li>Dimanche 26 Septembre : Assembl\u00e9e G\u00e9n\u00e9rale<\/li><\/ul>\n\n\n\n<p>Novembre 2020 : <\/p>\n\n\n\n<ul class=\"wp-block-list\"><li>La ludoth\u00e8que va rouvrir ses portes m\u00eame en plein confinement ! D\u00e8s mardi 10 novembre venez avec votre masques et vos gestes barri\u00e8res pour partager un moment convivial avec vos proches.<\/li><\/ul>\n\n\n\n<p>Et\u00e9 2022 :<\/p>\n\n\n\n<p>Comme chaque ann\u00e9e la ludoth\u00e8que est ouverte aux horaires habituels tout au long du mois de juillet.<\/p>\n\n\n\n<p>En ao\u00fbt, nous serons ferm\u00e9s ! Alors n&rsquo;attendez plus et venez emprunter quelques jeux pour passer un super \u00e9t\u00e9 ludique !<\/p>\n","protected":false},"excerpt":{"rendered":"<p>Septembre 2020 : D\u00e8s la rentr\u00e9e : retrouvez votre ludoth\u00e8que \u00e0 MONTAZELS ! Dimanche 26 Septembre : Assembl\u00e9e G\u00e9n\u00e9rale Novembre&hellip; <a class=\"read-more\" href=\"https:\/\/ludaude.fr\/?page_id=1570\">Continuer la lecture<\/a><\/p>\n","protected":false},"author":1,"featured_media":0,"parent":20,"menu_order":1,"comment_status":"closed","ping_status":"closed","template":"","meta":{"ngg_post_thumbnail":0,"footnotes":""},"class_list":["post-1570","page","type-page","status-publish","hentry"],"_links":{"self":[{"href":"https:\/\/ludaude.fr\/index.php?rest_route=\/wp\/v2\/pages\/1570","targetHints":{"allow":["GET"]}}],"collection":[{"href":"https:\/\/ludaude.fr\/index.php?rest_route=\/wp\/v2\/pages"}],"about":[{"href":"https:\/\/ludaude.fr\/index.php?rest_route=\/wp\/v2\/types\/page"}],"author":[{"embeddable":true,"href":"https:\/\/ludaude.fr\/index.php?rest_route=\/wp\/v2\/users\/1"}],"replies":[{"embeddable":true,"href":"https:\/\/ludaude.fr\/index.php?rest_route=%2Fwp%2Fv2%2Fcomments&post=1570"}],"version-history":[{"count":28,"href":"https:\/\/ludaude.fr\/index.php?rest_route=\/wp\/v2\/pages\/1570\/revisions"}],"predecessor-version":[{"id":3376,"href":"https:\/\/ludaude.fr\/index.php?rest_route=\/wp\/v2\/pages\/1570\/revisions\/3376"}],"up":[{"embeddable":true,"href":"https:\/\/ludaude.fr\/index.php?rest_route=\/wp\/v2\/pages\/20"}],"wp:attachment":[{"href":"https:\/\/ludaude.fr\/index.php?rest_route=%2Fwp%2Fv2%2Fmedia&parent=1570"}],"curies":[{"name":"wp","href":"https:\/\/api.w.org\/{rel}","templated":true}]}}