{"id":18,"date":"2009-01-10T16:43:37","date_gmt":"2009-01-10T15:43:37","guid":{"rendered":"http:\/\/ludaude.fr\/?page_id=18"},"modified":"2020-12-01T15:36:05","modified_gmt":"2020-12-01T14:36:05","slug":"les-salaries","status":"publish","type":"page","link":"https:\/\/ludaude.fr\/?page_id=18","title":{"rendered":"Nos salari\u00e9s"},"content":{"rendered":"<p class=\"entry\" style=\"text-align: justify;\"><span style=\"color: #db2e85;\">&nbsp;<\/span><strong><span style=\"color: #db2e85;\">Ana\u00efs Defenouill\u00e8re<\/span>,&nbsp;<\/strong><span style=\"text-decoration: underline;\"><span style=\"color: #0000ff; text-decoration: underline;\">ludaude@mailoo.org<\/span><\/span><span style=\"color: #000000;\"><br><\/span><\/p>\n<ul style=\"text-align: justify;\">\n<li>\n<div class=\"entry\" style=\"text-align: justify;\"><span style=\"color: #000000;\">Coordination de l&rsquo;\u00e9quipe salari\u00e9e \/ du projet \u00e9ducatif<br><\/span><\/div>\n<\/li>\n<li>\n<div class=\"entry\" style=\"text-align: justify;\"><span style=\"color: #000000;\">Accueil enfants\/parents sur la ludoth\u00e8que<\/span><\/div>\n<\/li>\n<li><span style=\"color: #000000;\">Publics sp\u00e9cialis\u00e9s (EHPAD, FAM&#8230;)<\/span><\/li>\n<\/ul>\n<p><span style=\"color: #cc0066;\"><span style=\"color: #db2e85;\"><strong>Sandrine Guigonnet, dit Guigo<\/strong><\/span>, <\/span><span style=\"text-decoration: underline;\"><span style=\"color: #0000ff; text-decoration: underline;\"><span style=\"text-align: justify;\">guigo11@hotmail.fr<\/span><\/span><\/span><\/p>\n<ul style=\"text-align: justify;\">\n<li>\n<div class=\"entry\" style=\"text-align: justify;\"><span style=\"color: #000000;\">Accueil&nbsp;<\/span><span style=\"color: #000000; line-height: 1.5em;\">enfants\/parents \u00e0 Couiza&nbsp;<\/span><\/div>\n<\/li>\n<li><span style=\"color: #000000;\">Animations p\u00e9riscolaires en itin\u00e9rance (\u00e9coles et coll\u00e8ge)<\/span><\/li>\n<li><span style=\"color: #000000;\">Soir\u00e9e jeux ados<\/span><\/li>\n<\/ul>\n<p class=\"entry\"><strong><span style=\"color: #db2e85;\">Nathalie Devrichian<\/span>,<\/strong>&nbsp;<a href=\"mailto:ludaude@yahoo.fr\">ludaude@yahoo.fr<\/a><\/p>\n<ul>\n<li>Le secr\u00e9tariat<\/li>\n<li>La gestion salariale<\/li>\n<li>La comptabilit\u00e9<\/li>\n<\/ul>\n<p class=\"entry\"><strong><span style=\"color: #db2e85;\">Mat\u00e9o Hulain<\/span>,<\/strong>&nbsp;ludaude@yahoo.fr<\/p>\n<ul>\n<li>L\u2019accueil tout public<\/li>\n<li>Soir\u00e9e jeux adultes<\/li>\n<li>Partenariat avec les cr\u00e9ateurs et illustrateurs<\/li>\n<\/ul>\n<address>&nbsp;<\/address>\n\n\n<figure class=\"wp-block-image size-large\"><img loading=\"lazy\" decoding=\"async\" width=\"1024\" height=\"768\" src=\"https:\/\/ludaude.fr\/wp-content\/uploads\/organigramme-2020-LudAude.png\" alt=\"\" class=\"wp-image-3351\" srcset=\"https:\/\/ludaude.fr\/wp-content\/uploads\/organigramme-2020-LudAude.png 1024w, https:\/\/ludaude.fr\/wp-content\/uploads\/organigramme-2020-LudAude-300x225.png 300w, https:\/\/ludaude.fr\/wp-content\/uploads\/organigramme-2020-LudAude-768x576.png 768w, https:\/\/ludaude.fr\/wp-content\/uploads\/organigramme-2020-LudAude-120x90.png 120w\" sizes=\"auto, (max-width: 1024px) 100vw, 1024px\" \/><\/figure>\n","protected":false},"excerpt":{"rendered":"<p>&nbsp;Ana\u00efs Defenouill\u00e8re,&nbsp;ludaude@mailoo.org Coordination de l&rsquo;\u00e9quipe salari\u00e9e \/ du projet \u00e9ducatif Accueil enfants\/parents sur la ludoth\u00e8que Publics sp\u00e9cialis\u00e9s (EHPAD, FAM&#8230;) Sandrine&hellip; <a class=\"read-more\" href=\"https:\/\/ludaude.fr\/?page_id=18\">Continuer la lecture<\/a><\/p>\n","protected":false},"author":1,"featured_media":0,"parent":9,"menu_order":1,"comment_status":"closed","ping_status":"closed","template":"","meta":{"ngg_post_thumbnail":0,"footnotes":""},"class_list":["post-18","page","type-page","status-publish","hentry"],"_links":{"self":[{"href":"https:\/\/ludaude.fr\/index.php?rest_route=\/wp\/v2\/pages\/18","targetHints":{"allow":["GET"]}}],"collection":[{"href":"https:\/\/ludaude.fr\/index.php?rest_route=\/wp\/v2\/pages"}],"about":[{"href":"https:\/\/ludaude.fr\/index.php?rest_route=\/wp\/v2\/types\/page"}],"author":[{"embeddable":true,"href":"https:\/\/ludaude.fr\/index.php?rest_route=\/wp\/v2\/users\/1"}],"replies":[{"embeddable":true,"href":"https:\/\/ludaude.fr\/index.php?rest_route=%2Fwp%2Fv2%2Fcomments&post=18"}],"version-history":[{"count":82,"href":"https:\/\/ludaude.fr\/index.php?rest_route=\/wp\/v2\/pages\/18\/revisions"}],"predecessor-version":[{"id":3352,"href":"https:\/\/ludaude.fr\/index.php?rest_route=\/wp\/v2\/pages\/18\/revisions\/3352"}],"up":[{"embeddable":true,"href":"https:\/\/ludaude.fr\/index.php?rest_route=\/wp\/v2\/pages\/9"}],"wp:attachment":[{"href":"https:\/\/ludaude.fr\/index.php?rest_route=%2Fwp%2Fv2%2Fmedia&parent=18"}],"curies":[{"name":"wp","href":"https:\/\/api.w.org\/{rel}","templated":true}]}}