{"id":1990,"date":"2013-02-03T19:43:14","date_gmt":"2013-02-03T18:43:14","guid":{"rendered":"http:\/\/ludaude.fr\/?page_id=1990"},"modified":"2020-12-01T15:10:31","modified_gmt":"2020-12-01T14:10:31","slug":"en-itinerance","status":"publish","type":"page","link":"https:\/\/ludaude.fr\/?page_id=1990","title":{"rendered":"L&rsquo;itin\u00e9rance"},"content":{"rendered":"<p><strong><strong><img loading=\"lazy\" decoding=\"async\" class=\"alignleft\" title=\"jeu du qui est ce?\" src=\"http:\/\/ludaude.fr\/wp-content\/uploads\/2009\/01\/jeu-du-qui-est-ce.jpg\" alt=\"jeu du qui est ce?\" width=\"160\" height=\"112\"><\/strong><\/strong><\/p>\n<p>Un animateur se d\u00e9place avec des jeux pour tous les \u00e2ges pour faire partager un temps d&rsquo;\u00e9changes et de d\u00e9couvertes.<\/p>\n<p><strong>&nbsp;<\/strong><\/p>\n<p><strong><img loading=\"lazy\" decoding=\"async\" class=\"wp-image-2063  alignright\" title=\"tour kapla\" src=\"http:\/\/ludaude.fr\/wp-content\/uploads\/2013\/02\/tour-kapla-e1606831767255-133x300.jpg\" alt=\"\" width=\"193\" height=\"435\" srcset=\"https:\/\/ludaude.fr\/wp-content\/uploads\/2013\/02\/tour-kapla-e1606831767255-133x300.jpg 133w, https:\/\/ludaude.fr\/wp-content\/uploads\/2013\/02\/tour-kapla-e1606831767255-453x1024.jpg 453w, https:\/\/ludaude.fr\/wp-content\/uploads\/2013\/02\/tour-kapla-e1606831767255-768x1736.jpg 768w, https:\/\/ludaude.fr\/wp-content\/uploads\/2013\/02\/tour-kapla-e1606831767255-680x1536.jpg 680w, https:\/\/ludaude.fr\/wp-content\/uploads\/2013\/02\/tour-kapla-e1606831767255-906x2048.jpg 906w, https:\/\/ludaude.fr\/wp-content\/uploads\/2013\/02\/tour-kapla-e1606831767255.jpg 1770w\" sizes=\"auto, (max-width: 193px) 100vw, 193px\" \/><\/strong><\/p>\n<p><strong>Aupr\u00e8s des \u00e9l\u00e8ves de primaire et maternelle : <\/strong><\/p>\n<p>Ecoles de Couiza, Esp\u00e9raza, Quillan, &#8230;<\/p>\n<p><strong>Aupr\u00e8s des coll\u00e9giens : <\/strong><\/p>\n<p>Tous les mardis de 13h \u00e0 14h au coll\u00e8ge de Couiza<\/p>\n<p><strong>Aupr\u00e8s de jeunes adultes :<\/strong><\/p>\n<p>Intervention \u00e0 la r\u00e9sidence Habitat Jeune de Limoux<\/p>\n<p><strong>Aupr\u00e8s des retrait\u00e9s : <\/strong><\/p>\n<p>Intervention en EHPAD<\/p>\n<p>&nbsp;<\/p>\n<p style=\"text-align: center;\">&nbsp;<\/p>\n<p>&nbsp;<\/p>\n<div>&nbsp;<\/div>\n<p>&nbsp;<\/p>\n","protected":false},"excerpt":{"rendered":"<p>Un animateur se d\u00e9place avec des jeux pour tous les \u00e2ges pour faire partager un temps d&rsquo;\u00e9changes et de d\u00e9couvertes.&hellip; <a class=\"read-more\" href=\"https:\/\/ludaude.fr\/?page_id=1990\">Continuer la lecture<\/a><\/p>\n","protected":false},"author":1,"featured_media":0,"parent":22,"menu_order":2,"comment_status":"open","ping_status":"closed","template":"","meta":{"ngg_post_thumbnail":0,"footnotes":""},"class_list":["post-1990","page","type-page","status-publish","hentry"],"_links":{"self":[{"href":"https:\/\/ludaude.fr\/index.php?rest_route=\/wp\/v2\/pages\/1990","targetHints":{"allow":["GET"]}}],"collection":[{"href":"https:\/\/ludaude.fr\/index.php?rest_route=\/wp\/v2\/pages"}],"about":[{"href":"https:\/\/ludaude.fr\/index.php?rest_route=\/wp\/v2\/types\/page"}],"author":[{"embeddable":true,"href":"https:\/\/ludaude.fr\/index.php?rest_route=\/wp\/v2\/users\/1"}],"replies":[{"embeddable":true,"href":"https:\/\/ludaude.fr\/index.php?rest_route=%2Fwp%2Fv2%2Fcomments&post=1990"}],"version-history":[{"count":20,"href":"https:\/\/ludaude.fr\/index.php?rest_route=\/wp\/v2\/pages\/1990\/revisions"}],"predecessor-version":[{"id":3338,"href":"https:\/\/ludaude.fr\/index.php?rest_route=\/wp\/v2\/pages\/1990\/revisions\/3338"}],"up":[{"embeddable":true,"href":"https:\/\/ludaude.fr\/index.php?rest_route=\/wp\/v2\/pages\/22"}],"wp:attachment":[{"href":"https:\/\/ludaude.fr\/index.php?rest_route=%2Fwp%2Fv2%2Fmedia&parent=1990"}],"curies":[{"name":"wp","href":"https:\/\/api.w.org\/{rel}","templated":true}]}}