{"id":22,"date":"2009-01-10T16:51:36","date_gmt":"2009-01-10T15:51:36","guid":{"rendered":"http:\/\/ludaude.fr\/?page_id=22"},"modified":"2020-12-01T15:46:35","modified_gmt":"2020-12-01T14:46:35","slug":"la-ludotheque","status":"publish","type":"page","link":"https:\/\/ludaude.fr\/?page_id=22","title":{"rendered":"La ludoth\u00e8que en Haute-Vall\u00e9e"},"content":{"rendered":"<p style=\"text-align: justify;\"><span style=\"color: #0099cc;\"><strong>Cr\u00e9\u00e9e en 1989, elle&nbsp;a f\u00eat\u00e9&nbsp;ses 20 ans le 14 Juin 2009 au parc de Couiza.<\/strong><\/span><\/p>\n<p style=\"line-height: 14.25pt; text-align: justify;\"><span style=\"color: #000000;\">Les principales activit\u00e9s propos\u00e9es par la ludoth\u00e8que sont le jeu sur place,&nbsp;le pr\u00eat de jeux et de jouets et des animations ludiques<\/span><\/p>\n<p style=\"text-align: justify;\"><strong><span style=\"color: #b90064;\">Le r\u00f4le de la <span style=\"font-family: 'tweed.';\">ludo<\/span>th\u00e8que<\/span><\/strong><\/p>\n<p style=\"text-align: justify;\"><span style=\"color: #000000;\"><a href=\"http:\/\/ludaude.fr\/wp-content\/uploads\/2009\/01\/labyrinthe.jpg\"><img loading=\"lazy\" decoding=\"async\" class=\"alignleft size-full wp-image-1356\" title=\"jeu du labyrinthe\" src=\"http:\/\/ludaude.fr\/wp-content\/uploads\/2009\/01\/labyrinthe.jpg\" alt=\"jeu du labyrinthe\" width=\"140\" height=\"176\"><\/a><\/span><\/p>\n<p>&#8211; La ludoth\u00e8que participe \u00e0 la d\u00e9mocratisation du jeu, notamment financi\u00e8re.<\/p>\n<p>&#8211; Elle&nbsp;participe \u00e0 la lutte contre l\u2019isolement des familles en milieu rural. V\u00e9ritable centre culturel de proximit\u00e9, ouvert sur l\u2019ext\u00e9rieur, la&nbsp;ludoth\u00e8que favorise les rencontres, les liens sociaux, les \u00e9changes interg\u00e9n\u00e9rationnels et interculturels \u00e0 partir du m\u00e9diateur qu\u2019est le jeu.<\/p>\n<p style=\"text-align: justify;\"><span style=\"color: #000000;\">&#8211; Le jeu est essentiel dans le d\u00e9veloppement de l&rsquo;enfant:&nbsp;Il est un pont <\/span><span style=\"color: #000000;\">entre l&rsquo;enfant et la soci\u00e9t\u00e9. Il permet la sociabilisation&nbsp;\u00e0 travers les rencontres, le jouer ensemble, le respect des r\u00e8gles et des autres enfants&#8230; Il r\u00e9pond aux besoins qu&rsquo;\u00e0 l&rsquo;enfant de d<\/span>e d\u00e9couvrir, de comprendre, d&rsquo;\u00e9laborer des r\u00e9ponses \u00e0 ses questions,&nbsp;il &nbsp;stimule ses capacit\u00e9s d\u2019\u00e9veil.<\/p>\n<p><strong><span style=\"color: #000000;\"><span style=\"color: #b90064;\">Le r\u00f4le des parents:<\/span><\/span><\/strong><\/p>\n<p style=\"text-align: justify;\"><span style=\"color: #000000;\"><img loading=\"lazy\" decoding=\"async\" class=\"size-full wp-image-1357 alignright\" title=\"jeu du puissance 4 3d\" src=\"http:\/\/ludaude.fr\/wp-content\/uploads\/2009\/01\/puissance-4-x-3d1.jpg\" alt=\"jeu du puissance 4 3d\" width=\"140\" height=\"176\">Les parents viennent \u00e0 la&nbsp;ludoth\u00e8que pour partager avec l\u2019enfant, pour jouer avec lui, pour rencontrer d\u2019autres parents ou des assistantes maternelles et pour que les enfants se rencontrent. La participation active des parents y est favoris\u00e9e car ils sont les premiers \u00e9ducateurs de l\u2019enfant. Sans jugements et en douceur, la&nbsp;ludoth\u00e8que devient un lieu d\u2019information pour parents, assistantes maternelles et professionnels de l&rsquo;enfance. Des discussions se mettent en place pour \u00e9changer et informer sur les diff\u00e9rents services \u00e0 votre disposition sur le territoire.<\/span><\/p>\n<p style=\"text-align: justify;\"><span style=\"color: #000000;\">Impliquer r\u00e9guli\u00e8rement les parents, c\u2019est leur permettre de s\u2019engager dans une dynamique d\u2019\u00e9changes, de rencontres et de plaisir partag\u00e9 avec d\u2019autres familles enracin\u00e9es dans des cultures diff\u00e9rentes sur un th\u00e8me qui nous concerne tous :&nbsp;l\u2019avenir des enfants.<\/span><\/p>\n<p style=\"text-align: justify;\"><strong><span style=\"color: #000000;\"><span style=\"color: #b90064;\">Le r\u00f4le des animateurs:<\/span><\/span><\/strong><\/p>\n<p style=\"text-align: justify;\"><span style=\"color: #000000;\"><img loading=\"lazy\" decoding=\"async\" class=\"alignleft size-full wp-image-1358\" title=\"jeu du singe bleu\" src=\"http:\/\/ludaude.fr\/wp-content\/uploads\/2009\/01\/singe-bleu.jpg\" alt=\"jeu du singe bleu\" width=\"140\" height=\"122\">Les animateurs&nbsp;sont pr\u00e9sents pour conseiller le public, mettre en place le jeu et ses espaces, et animer les parties.&nbsp;Ils peuvent aider l\u2019enfant ou l&rsquo;adulte dans son choix de jeux et surtout \u00e0 s\u2019y retrouver mieux dans la ludoth\u00e8que, \u00e0 s\u2019y sentir pris en compte.&nbsp;&nbsp;Les animateurs incitent les joueurs \u00e0 aller vers des jeux qu&rsquo;ils ne connaissent pas et ils sont l\u00e0 pour en expliquer les r\u00e8gles.<\/span><\/p>\n<p style=\"text-align: justify;\"><span style=\"color: #000000;\">La&nbsp;ludoth\u00e8que \u00e9tant un espace de convivialit\u00e9 et d&rsquo;amusement, aucun abus ne sera accept\u00e9. Les jeux, le mat\u00e9riel autant que les personnes doivent \u00eatre respect\u00e9es. En cas d&rsquo;abus, les animateurs, r\u00e9f\u00e9rents du lieu, prendront la d\u00e9cision qui s&rsquo;impose.<\/span><\/p>\n<p>&nbsp;<\/p>\n<p>&nbsp;<\/p>\n<p>&nbsp;<\/p>\n<p><span style=\"color: #000000;\">&nbsp;<\/span><\/p>\n","protected":false},"excerpt":{"rendered":"<p>Cr\u00e9\u00e9e en 1989, elle&nbsp;a f\u00eat\u00e9&nbsp;ses 20 ans le 14 Juin 2009 au parc de Couiza. Les principales activit\u00e9s propos\u00e9es par&hellip; <a class=\"read-more\" href=\"https:\/\/ludaude.fr\/?page_id=22\">Continuer la lecture<\/a><\/p>\n","protected":false},"author":1,"featured_media":0,"parent":0,"menu_order":2,"comment_status":"closed","ping_status":"closed","template":"","meta":{"ngg_post_thumbnail":0,"footnotes":""},"class_list":["post-22","page","type-page","status-publish","hentry"],"_links":{"self":[{"href":"https:\/\/ludaude.fr\/index.php?rest_route=\/wp\/v2\/pages\/22","targetHints":{"allow":["GET"]}}],"collection":[{"href":"https:\/\/ludaude.fr\/index.php?rest_route=\/wp\/v2\/pages"}],"about":[{"href":"https:\/\/ludaude.fr\/index.php?rest_route=\/wp\/v2\/types\/page"}],"author":[{"embeddable":true,"href":"https:\/\/ludaude.fr\/index.php?rest_route=\/wp\/v2\/users\/1"}],"replies":[{"embeddable":true,"href":"https:\/\/ludaude.fr\/index.php?rest_route=%2Fwp%2Fv2%2Fcomments&post=22"}],"version-history":[{"count":87,"href":"https:\/\/ludaude.fr\/index.php?rest_route=\/wp\/v2\/pages\/22\/revisions"}],"predecessor-version":[{"id":3364,"href":"https:\/\/ludaude.fr\/index.php?rest_route=\/wp\/v2\/pages\/22\/revisions\/3364"}],"wp:attachment":[{"href":"https:\/\/ludaude.fr\/index.php?rest_route=%2Fwp%2Fv2%2Fmedia&parent=22"}],"curies":[{"name":"wp","href":"https:\/\/api.w.org\/{rel}","templated":true}]}}