{"id":24,"date":"2009-01-10T16:56:58","date_gmt":"2009-01-10T15:56:58","guid":{"rendered":"http:\/\/ludaude.fr\/?page_id=24"},"modified":"2022-10-11T14:05:48","modified_gmt":"2022-10-11T13:05:48","slug":"au-local-de-couiza","status":"publish","type":"page","link":"https:\/\/ludaude.fr\/?page_id=24","title":{"rendered":"Au local de Montazels"},"content":{"rendered":"<p><em><br \/>\n<\/em><span style=\"color: #e20078;\"><strong><span style=\"color: #b90064;\"><a href=\"http:\/\/ludaude.fr\/wp-content\/uploads\/2009\/01\/symboliques3.jpg\"><img loading=\"lazy\" decoding=\"async\" class=\"alignleft wp-image-2051\" style=\"margin-left: 5px; margin-right: 5px;\" title=\"symboliques\" src=\"http:\/\/ludaude.fr\/wp-content\/uploads\/2009\/01\/symboliques3-225x300.jpg\" alt=\"la ludoth\u00e8que Lud'Aude de Couiza\" width=\"131\" height=\"175\" srcset=\"https:\/\/ludaude.fr\/wp-content\/uploads\/2009\/01\/symboliques3-225x300.jpg 225w, https:\/\/ludaude.fr\/wp-content\/uploads\/2009\/01\/symboliques3-768x1024.jpg 768w\" sizes=\"auto, (max-width: 131px) 100vw, 131px\" \/><\/a>Dans l&rsquo;ancienne \u00e9cole de Montazels<\/span><\/strong><\/span>, <span style=\"color: #000000;\">plus de <strong>1500 jeux et jouets<\/strong> sont \u00e0 votre disposition dans un local agr\u00e9able et am\u00e9nag\u00e9 avec une cour ext\u00e9rieure.&nbsp;<\/span><\/p>\n<p style=\"padding-left: 30px;\">La&nbsp;ludoth\u00e8que est un \u00e9quipement culturel qui accueille des publics d&rsquo;\u00e2ges divers. Ce n&rsquo;est en aucune fa\u00e7on un lieu de garde des enfants. L&rsquo;enfant de moins de six ans doit \u00eatre accompagn\u00e9 d&rsquo;un adulte. Au del\u00e0 de six ans, l&rsquo;enfant peut venir seul \u00e0 la&nbsp;ludoth\u00e8que et en repartir&nbsp;quand il le souhaite.<\/p>\n<p>Un animateur vous y accueille, vous informe et peut vous proposer de jouer sur place ou&nbsp;d&#8217;emprunter des jeux.<\/p>\n<p><span style=\"color: #000000;\"><strong><span style=\"text-decoration: underline;\"><img loading=\"lazy\" decoding=\"async\" class=\"alignright wp-image-2058\" title=\"lego\" src=\"http:\/\/ludaude.fr\/wp-content\/uploads\/2009\/01\/lego-225x300.jpg\" alt=\"\" width=\"135\" height=\"180\" srcset=\"https:\/\/ludaude.fr\/wp-content\/uploads\/2009\/01\/lego-225x300.jpg 225w, https:\/\/ludaude.fr\/wp-content\/uploads\/2009\/01\/lego-768x1024.jpg 768w\" sizes=\"auto, (max-width: 135px) 100vw, 135px\" \/>Ouverture tout public<\/span> : <\/strong><\/span><\/p>\n<p><span style=\"color: #000000;\">&#8211; les mercredis de 14h30 \u00e0 18h30<br \/>\n&#8211; les jeudis de 15h30 \u00e0 18h30<br \/>\n<\/span> <span style=\"color: #000000;\">&#8211; les samedis de 15h30 \u00e0 18h30&nbsp;<\/span><\/p>\n<p><span style=\"text-decoration: underline; color: #000000;\"><strong>Temps d&rsquo;accueil 0-3 ans\/parents<\/strong>&nbsp;:<\/span><\/p>\n<p><span style=\"color: #000000;\">&#8211; &nbsp;les vendredis de&nbsp;10h \u00e0&nbsp;12h30&nbsp;<\/span><\/p>\n<p style=\"text-align: left;\"><span style=\"color: #000000;\">(fermeture en Ao\u00fbt et \u00e0 No\u00ebl)<\/span><\/p>\n<p style=\"text-align: center;\">&nbsp;<\/p>\n<p><span style=\"color: #b90064;\"><span style=\"color: #000000;\"><span style=\"color: #000000;\">&nbsp;<\/span><\/span><\/span><\/p>\n","protected":false},"excerpt":{"rendered":"<p>Dans l&rsquo;ancienne \u00e9cole de Montazels, plus de 1500 jeux et jouets sont \u00e0 votre disposition dans un local agr\u00e9able et&hellip; <a class=\"read-more\" href=\"https:\/\/ludaude.fr\/?page_id=24\">Continuer la lecture<\/a><\/p>\n","protected":false},"author":1,"featured_media":0,"parent":22,"menu_order":1,"comment_status":"closed","ping_status":"closed","template":"","meta":{"ngg_post_thumbnail":0,"footnotes":""},"class_list":["post-24","page","type-page","status-publish","hentry"],"_links":{"self":[{"href":"https:\/\/ludaude.fr\/index.php?rest_route=\/wp\/v2\/pages\/24","targetHints":{"allow":["GET"]}}],"collection":[{"href":"https:\/\/ludaude.fr\/index.php?rest_route=\/wp\/v2\/pages"}],"about":[{"href":"https:\/\/ludaude.fr\/index.php?rest_route=\/wp\/v2\/types\/page"}],"author":[{"embeddable":true,"href":"https:\/\/ludaude.fr\/index.php?rest_route=\/wp\/v2\/users\/1"}],"replies":[{"embeddable":true,"href":"https:\/\/ludaude.fr\/index.php?rest_route=%2Fwp%2Fv2%2Fcomments&post=24"}],"version-history":[{"count":189,"href":"https:\/\/ludaude.fr\/index.php?rest_route=\/wp\/v2\/pages\/24\/revisions"}],"predecessor-version":[{"id":3382,"href":"https:\/\/ludaude.fr\/index.php?rest_route=\/wp\/v2\/pages\/24\/revisions\/3382"}],"up":[{"embeddable":true,"href":"https:\/\/ludaude.fr\/index.php?rest_route=\/wp\/v2\/pages\/22"}],"wp:attachment":[{"href":"https:\/\/ludaude.fr\/index.php?rest_route=%2Fwp%2Fv2%2Fmedia&parent=24"}],"curies":[{"name":"wp","href":"https:\/\/api.w.org\/{rel}","templated":true}]}}