{"id":2871,"date":"2018-03-13T13:24:23","date_gmt":"2018-03-13T12:24:23","guid":{"rendered":"http:\/\/ludaude.fr\/?page_id=2871"},"modified":"2020-12-01T15:14:51","modified_gmt":"2020-12-01T14:14:51","slug":"nouveautes","status":"publish","type":"page","link":"https:\/\/ludaude.fr\/?page_id=2871","title":{"rendered":"Jeux \u00e0 d\u00e9couvrir !"},"content":{"rendered":"<p><strong>Le petit prince (strat\u00e9gie) : <\/strong>Chaque joueur doit construire la plus \u00ab\u00a0belle\u00a0\u00bb plan\u00e8te possible en fonction des personnages qui l&rsquo;entourent.<\/p>\n<p><img loading=\"lazy\" decoding=\"async\" class=\"aligncenter wp-image-3021 \" src=\"http:\/\/ludaude.fr\/wp-content\/uploads\/2018\/07\/le-petit-princee-213x300.jpg\" alt=\"\" width=\"125\" height=\"177\" srcset=\"https:\/\/ludaude.fr\/wp-content\/uploads\/2018\/07\/le-petit-princee-213x300.jpg 213w, https:\/\/ludaude.fr\/wp-content\/uploads\/2018\/07\/le-petit-princee.jpg 568w\" sizes=\"auto, (max-width: 125px) 100vw, 125px\" \/><\/p>\n<p style=\"text-align: center;\">2 \u00e0 5 joueurs \/ 8 ans et + \/ 25&prime;<\/p>\n<p>&nbsp;<\/p>\n<p><strong>Chut, Coco ! (jeu d&rsquo;association) :<\/strong> Le coq Coco doit endormir les petits animaux de la ferme. Mais parfois, il ne peut s&#8217;emp\u00eacher de pousser son Cocorico!<\/p>\n<p><img loading=\"lazy\" decoding=\"async\" class=\"size-thumbnail wp-image-3022 aligncenter\" src=\"http:\/\/ludaude.fr\/wp-content\/uploads\/2018\/07\/mes-premiers-jeux-chut-coco-150x150.jpg\" alt=\"\" width=\"150\" height=\"150\" srcset=\"https:\/\/ludaude.fr\/wp-content\/uploads\/2018\/07\/mes-premiers-jeux-chut-coco-150x150.jpg 150w, https:\/\/ludaude.fr\/wp-content\/uploads\/2018\/07\/mes-premiers-jeux-chut-coco-300x300.jpg 300w, https:\/\/ludaude.fr\/wp-content\/uploads\/2018\/07\/mes-premiers-jeux-chut-coco.jpg 600w\" sizes=\"auto, (max-width: 150px) 100vw, 150px\" \/><\/p>\n<p style=\"text-align: center;\">1 \u00e0 4 joueurs \/ 2 ans et + \/ 10&prime;<\/p>\n<p>&nbsp;<\/p>\n<p><strong>Puzzle Ali le magnifique ! (jeu d&rsquo;agencement) : <\/strong>Magnifique puzzle de 36 pi\u00e8ces mettant en sc\u00e8ne un prince oriental. Le tout emball\u00e9 dans une jolie bo\u00eete silhouette qui d\u00e9corera \u00e0 merveille la chambre de votre bambin.<\/p>\n<p><img loading=\"lazy\" decoding=\"async\" class=\"wp-image-3023 aligncenter\" src=\"http:\/\/ludaude.fr\/wp-content\/uploads\/2018\/07\/ali-le-magnifique-puzzle.jpg\" alt=\"\" width=\"126\" height=\"159\" srcset=\"https:\/\/ludaude.fr\/wp-content\/uploads\/2018\/07\/ali-le-magnifique-puzzle.jpg 483w, https:\/\/ludaude.fr\/wp-content\/uploads\/2018\/07\/ali-le-magnifique-puzzle-237x300.jpg 237w\" sizes=\"auto, (max-width: 126px) 100vw, 126px\" \/><\/p>\n<p style=\"text-align: center;\">A partir de 4 ans<\/p>\n<p>&nbsp;<\/p>\n<p><strong>Columba (strat\u00e9gie) : <\/strong>Les joueurs, tels des ch\u00e2telains du Sud-ouest de la France au XVIIe si\u00e8cle, d\u00e9veloppent des territoires et y construisent des pigeonniers pour \u00e9tendre leur prestige jusque dans les campagnes.<\/p>\n<p><img loading=\"lazy\" decoding=\"async\" class=\"wp-image-3024 aligncenter\" src=\"http:\/\/ludaude.fr\/wp-content\/uploads\/2018\/07\/columba-jeu.jpeg\" alt=\"\" width=\"125\" height=\"98\"><\/p>\n<p style=\"text-align: center;\">2 \u00e0 4 joueurs \/ 8 ans et + \/ 30&prime;<\/p>\n<p>&nbsp;<\/p>\n<p><strong>Patchwork (strat\u00e9gie) : <\/strong>Le patchwork \u00e9tait un moyen d&rsquo;utiliser des chutes de tissu pour cr\u00e9er des v\u00eatements ou des couvertures. C&rsquo;est devenu maintenant une forme d&rsquo;art, avec un choix m\u00e9ticuleux des tissus pour cr\u00e9er de magnifiques pi\u00e8ces&#8230;<\/p>\n<p><img loading=\"lazy\" decoding=\"async\" class=\"wp-image-3025 aligncenter\" src=\"http:\/\/ludaude.fr\/wp-content\/uploads\/2018\/07\/patchwork.jpeg\" alt=\"\" width=\"125\" height=\"160\" srcset=\"https:\/\/ludaude.fr\/wp-content\/uploads\/2018\/07\/patchwork.jpeg 300w, https:\/\/ludaude.fr\/wp-content\/uploads\/2018\/07\/patchwork-234x300.jpeg 234w\" sizes=\"auto, (max-width: 125px) 100vw, 125px\" \/><\/p>\n<p style=\"text-align: center;\">2 joueurs \/ 7 ans et + \/ 30&prime;<\/p>\n<p>&nbsp;<\/p>\n<p><strong>La bo\u00eete de l&rsquo;ART (questionnaire) : <\/strong>Un coffret qui propose pr\u00e8s de 80 \u00e9nigmes savoureuses et inventives et leurs r\u00e9ponses, trait\u00e9es avec s\u00e9rieux\u2026 et humour ! Un voyage \u00e0 travers la peinture, la sculpture, le dessin, etc. apprendre, s\u2019int\u00e9resser, d\u00e9couvrir\u2026 et coller sa famille et ses amis !<\/p>\n<p><img loading=\"lazy\" decoding=\"async\" class=\"wp-image-3026 aligncenter\" src=\"http:\/\/ludaude.fr\/wp-content\/uploads\/2018\/07\/la-boite-de-lart.gif\" alt=\"\" width=\"196\" height=\"146\"><\/p>\n<p style=\"text-align: center;\">2 \u00e0 8 joueurs \/ 10 ans et + \/ 30&prime;<\/p>\n<p>&nbsp;<\/p>\n<p><strong>Zanimatch (jeu d&rsquo;association et de m\u00e9moire visuelle) :<\/strong> Un jeu d&rsquo;observation et rapidit\u00e9 pour des parties endiabl\u00e9es qui n\u00e9cessitent un oeil de lynx et un esprit vif !<\/p>\n<p><img loading=\"lazy\" decoding=\"async\" class=\"wp-image-3029 aligncenter\" src=\"http:\/\/ludaude.fr\/wp-content\/uploads\/2018\/07\/jeu-de-carte-zanimatch-djeco.jpg\" alt=\"\" width=\"125\" height=\"125\" srcset=\"https:\/\/ludaude.fr\/wp-content\/uploads\/2018\/07\/jeu-de-carte-zanimatch-djeco.jpg 600w, https:\/\/ludaude.fr\/wp-content\/uploads\/2018\/07\/jeu-de-carte-zanimatch-djeco-150x150.jpg 150w, https:\/\/ludaude.fr\/wp-content\/uploads\/2018\/07\/jeu-de-carte-zanimatch-djeco-300x300.jpg 300w\" sizes=\"auto, (max-width: 125px) 100vw, 125px\" \/><\/p>\n<p style=\"text-align: center;\">3 \u00e0 6 joueurs \/ 5 ans et + \/10&prime;<\/p>\n<p>&nbsp;<\/p>\n<p><strong>Diamoniak (strat\u00e9gie) : <\/strong>Diamoniak est un jeu de strat\u00e9gie o\u00f9 chacun doit r\u00e9ussir \u00e0 construire son ch\u00e2teau avant que les cartes sorci\u00e8res ne jettent un sort !<\/p>\n<p><img loading=\"lazy\" decoding=\"async\" class=\"wp-image-3031 aligncenter\" src=\"http:\/\/ludaude.fr\/wp-content\/uploads\/2018\/07\/diamoniak.jpg\" alt=\"\" width=\"125\" height=\"125\" srcset=\"https:\/\/ludaude.fr\/wp-content\/uploads\/2018\/07\/diamoniak.jpg 500w, https:\/\/ludaude.fr\/wp-content\/uploads\/2018\/07\/diamoniak-150x150.jpg 150w, https:\/\/ludaude.fr\/wp-content\/uploads\/2018\/07\/diamoniak-300x300.jpg 300w\" sizes=\"auto, (max-width: 125px) 100vw, 125px\" \/><\/p>\n<p style=\"text-align: center;\">2 \u00e0 4 joueurs \/ 5 ans et + \/ 15&prime;<\/p>\n<p>&nbsp;<\/p>\n<p><strong>Batameuh (langage et expression) : <\/strong>Un jeu de bataille endiabl\u00e9 rythm\u00e9 par les cris des animaux. Meuuuh ! B\u00ea\u00ea\u00ea\u00ea\u00ea ! Une bataille de cris entre animaux de la ferme et animaux sauvages. Facile, amusant &#8230; et compl\u00e8tement d\u00e9lirant ! Pour des parties endiabl\u00e9es qui n\u00e9cessitent un oeil de lynx et un esprit vif !<\/p>\n<p><img loading=\"lazy\" decoding=\"async\" class=\"wp-image-3032 aligncenter\" src=\"http:\/\/ludaude.fr\/wp-content\/uploads\/2018\/07\/jeu-de-carte-batameuh-djeco.jpg\" alt=\"\" width=\"135\" height=\"135\" srcset=\"https:\/\/ludaude.fr\/wp-content\/uploads\/2018\/07\/jeu-de-carte-batameuh-djeco.jpg 250w, https:\/\/ludaude.fr\/wp-content\/uploads\/2018\/07\/jeu-de-carte-batameuh-djeco-150x150.jpg 150w\" sizes=\"auto, (max-width: 135px) 100vw, 135px\" \/><\/p>\n<p style=\"text-align: center;\">2 \u00e0 4 joueurs \/ 4 ans et + \/ 15&prime;<\/p>\n<p>&nbsp;<\/p>\n<p>Mars 2018 :<\/p>\n<p>&nbsp;<\/p>\n<p><strong>Nom d&rsquo;un renard !<\/strong> : Dans ce jeu coop\u00e9ratif, Incarnez un poule d\u00e9tective et partez \u00e0 la rechercher d&rsquo;indices pour d\u00e9masquer le renard coupable !<\/p>\n<div id=\"attachment_2878\" style=\"width: 160px\" class=\"wp-caption aligncenter\"><img aria-describedby=\"caption-attachment-2878\" loading=\"lazy\" decoding=\"async\" class=\"wp-image-2878 size-thumbnail\" src=\"http:\/\/ludaude.fr\/wp-content\/uploads\/2018\/03\/nom-dun-renard-150x150.png\" alt=\"\" width=\"150\" height=\"150\"><p id=\"caption-attachment-2878\" class=\"wp-caption-text\">2 \u00e0 4 joueurs \/ 5 ans et + \/ 20&prime;<\/p><\/div>\n<p>&nbsp;<\/p>\n<p><strong>Little m\u00e9mo<\/strong> : De petits animaux se prom\u00e8nent dans le jardin. Tout \u00e0 coup l\u2019un se cache sous le buisson. Quel animal s\u2019est cach\u00e9 ?<\/p>\n<div id=\"attachment_2879\" style=\"width: 160px\" class=\"wp-caption aligncenter\"><img aria-describedby=\"caption-attachment-2879\" loading=\"lazy\" decoding=\"async\" class=\"wp-image-2879 size-thumbnail\" src=\"http:\/\/ludaude.fr\/wp-content\/uploads\/2018\/03\/little-m\u00e9mo-150x150.png\" alt=\"\" width=\"150\" height=\"150\" srcset=\"https:\/\/ludaude.fr\/wp-content\/uploads\/2018\/03\/little-m\u00e9mo-150x150.png 150w, https:\/\/ludaude.fr\/wp-content\/uploads\/2018\/03\/little-m\u00e9mo.png 300w\" sizes=\"auto, (max-width: 150px) 100vw, 150px\" \/><p id=\"caption-attachment-2879\" class=\"wp-caption-text\">2 \u00e0 4 joueurs \/ 2 ans et + \/ 10&prime;<\/p><\/div>\n<p>&nbsp;<\/p>\n<p><strong>Le monde des papillons<\/strong> : Pliez votre plateau \u00e0 papillons pour cr\u00e9er de nouvelles combinaisons et retrouvez le premier le papillon recherch\u00e9 ! Identifiez en le plus pour \u00eatre d\u00e9clar\u00e9 le plus grand expert de papillons !<\/p>\n<div id=\"attachment_2880\" style=\"width: 144px\" class=\"wp-caption aligncenter\"><img aria-describedby=\"caption-attachment-2880\" loading=\"lazy\" decoding=\"async\" class=\"wp-image-2880 \" src=\"http:\/\/ludaude.fr\/wp-content\/uploads\/2018\/03\/le-monde-des-papillons-273x300.png\" alt=\"\" width=\"134\" height=\"147\" srcset=\"https:\/\/ludaude.fr\/wp-content\/uploads\/2018\/03\/le-monde-des-papillons-273x300.png 273w, https:\/\/ludaude.fr\/wp-content\/uploads\/2018\/03\/le-monde-des-papillons.png 285w\" sizes=\"auto, (max-width: 134px) 100vw, 134px\" \/><p id=\"caption-attachment-2880\" class=\"wp-caption-text\">2 \u00e0 4 joueurs \/ 5 ans et + \/ 15&prime;<\/p><\/div>\n<p>&nbsp;<\/p>\n<p><strong>Flexisticks<\/strong> : Jeu de construction original avec des baguettes en bambou et des connecteurs flexibles en silicone. Un jeu de manipulation et de cr\u00e9ativit\u00e9.<\/p>\n<div id=\"attachment_2881\" style=\"width: 160px\" class=\"wp-caption aligncenter\"><img aria-describedby=\"caption-attachment-2881\" loading=\"lazy\" decoding=\"async\" class=\"wp-image-2881 size-thumbnail\" src=\"http:\/\/ludaude.fr\/wp-content\/uploads\/2018\/03\/flexisticks-150x150.png\" alt=\"\" width=\"150\" height=\"150\" srcset=\"https:\/\/ludaude.fr\/wp-content\/uploads\/2018\/03\/flexisticks-150x150.png 150w, https:\/\/ludaude.fr\/wp-content\/uploads\/2018\/03\/flexisticks-300x300.png 300w, https:\/\/ludaude.fr\/wp-content\/uploads\/2018\/03\/flexisticks.png 600w\" sizes=\"auto, (max-width: 150px) 100vw, 150px\" \/><p id=\"caption-attachment-2881\" class=\"wp-caption-text\">1 joueur et + \/ 4 ans et +<\/p><\/div>\n<p>&nbsp;<\/p>\n<p><strong>Bingo <\/strong>: Un loto bingo sans chiffres mais avec des animaux et une roulette.<\/p>\n<div id=\"attachment_2895\" style=\"width: 160px\" class=\"wp-caption aligncenter\"><img aria-describedby=\"caption-attachment-2895\" loading=\"lazy\" decoding=\"async\" class=\"wp-image-2895 size-thumbnail\" src=\"http:\/\/ludaude.fr\/wp-content\/uploads\/2018\/03\/bingooo-150x150.jpg\" alt=\"\" width=\"150\" height=\"150\" srcset=\"https:\/\/ludaude.fr\/wp-content\/uploads\/2018\/03\/bingooo-150x150.jpg 150w, https:\/\/ludaude.fr\/wp-content\/uploads\/2018\/03\/bingooo.jpg 185w\" sizes=\"auto, (max-width: 150px) 100vw, 150px\" \/><p id=\"caption-attachment-2895\" class=\"wp-caption-text\">1 \u00e0 4 joueurs \/ 3 ans et +<\/p><\/div>\n<p>&nbsp;<\/p>\n<p><strong>SpidMonsters<\/strong> : Un jeu d&rsquo;association d\u00e9lirant. Motif ! Plan\u00e8te ! Monstre ! Les associations s&rsquo;encha\u00eenent et se d\u00e9cha\u00eenent \u00e0 un rythme d\u00e9lirant. Le premier \u00e0 s&rsquo;\u00eatre d\u00e9barrass\u00e9 de tous ses monstres a gagn\u00e9.<\/p>\n<div id=\"attachment_2883\" style=\"width: 165px\" class=\"wp-caption aligncenter\"><img aria-describedby=\"caption-attachment-2883\" loading=\"lazy\" decoding=\"async\" class=\"wp-image-2883 \" src=\"http:\/\/ludaude.fr\/wp-content\/uploads\/2018\/03\/monsters.png\" alt=\"\" width=\"155\" height=\"115\"><p id=\"caption-attachment-2883\" class=\"wp-caption-text\">2 \u00e0 4 joueurs \/ 5 ans et + \/ 10&prime;<\/p><\/div>\n<p>&nbsp;<\/p>\n<p><strong>Ouistiti Les billes de la jungle <\/strong>: Lancer apr\u00e8s lancer, les ouistitis progressent dans la jungle et font tout pour arriver en premier \u00e0 l\u2019arriv\u00e9e, tout en tachant d\u2019\u00e9viter le crocodile qui r\u00f4de\u2026 Lucidit\u00e9, rapidit\u00e9 et dext\u00e9rit\u00e9 feront de vous un ouistiti gagnant !<\/p>\n<div id=\"attachment_2884\" style=\"width: 136px\" class=\"wp-caption aligncenter\"><img aria-describedby=\"caption-attachment-2884\" loading=\"lazy\" decoding=\"async\" class=\"wp-image-2884\" src=\"http:\/\/ludaude.fr\/wp-content\/uploads\/2018\/03\/ouistiti-229x300.png\" alt=\"\" width=\"126\" height=\"165\" srcset=\"https:\/\/ludaude.fr\/wp-content\/uploads\/2018\/03\/ouistiti-229x300.png 229w, https:\/\/ludaude.fr\/wp-content\/uploads\/2018\/03\/ouistiti.png 300w\" sizes=\"auto, (max-width: 126px) 100vw, 126px\" \/><p id=\"caption-attachment-2884\" class=\"wp-caption-text\">2 \u00e0 4 joueurs \/ 5 ans et + \/ 20&prime;<\/p><\/div>\n<p>&nbsp;<\/p>\n<p><strong>Ali Baba &#8211; Ce dromadaire a un sale caract\u00e8re !<\/strong> : Marque le plus de points possible en chargeant le dromadaire d\u2019Ali Baba. Mais attention, si tu le mets en cole\u0300re, le dromadaire se rele\u0300ve et fait voler Ali Baba et ses marchandises.<\/p>\n<div id=\"attachment_2885\" style=\"width: 160px\" class=\"wp-caption aligncenter\"><img aria-describedby=\"caption-attachment-2885\" loading=\"lazy\" decoding=\"async\" class=\"wp-image-2885 size-thumbnail\" src=\"http:\/\/ludaude.fr\/wp-content\/uploads\/2018\/03\/ali-baba-150x150.png\" alt=\"\" width=\"150\" height=\"150\" srcset=\"https:\/\/ludaude.fr\/wp-content\/uploads\/2018\/03\/ali-baba-150x150.png 150w, https:\/\/ludaude.fr\/wp-content\/uploads\/2018\/03\/ali-baba.png 300w\" sizes=\"auto, (max-width: 150px) 100vw, 150px\" \/><p id=\"caption-attachment-2885\" class=\"wp-caption-text\">2 \u00e0 4 joueurs \/ 4 ans et + \/ 10&prime;<\/p><\/div>\n<p>&nbsp;<\/p>\n<p><strong>Perlatette &#8211; Attention la sorci\u00e8re d\u00e9boule !<\/strong> : La Sorci\u00e8re Perlatette est un jeu magique qui fait travailler la dext\u00e9rit\u00e9 et la coh\u00e9sion d\u2019\u00e9quipe&nbsp;! Essayez de bien vous coordonner pour aller rapidement jusqu\u2019au bon endroit sans tomber dans un trou ni perdre son pr\u00e9cieux chapeau. Qui parviendra \u00e0 r\u00e9cup\u00e9rer le plus d\u2019objets ?<\/p>\n<div id=\"attachment_2886\" style=\"width: 160px\" class=\"wp-caption aligncenter\"><img aria-describedby=\"caption-attachment-2886\" loading=\"lazy\" decoding=\"async\" class=\"wp-image-2886 size-thumbnail\" src=\"http:\/\/ludaude.fr\/wp-content\/uploads\/2018\/03\/perlatette-150x150.png\" alt=\"\" width=\"150\" height=\"150\" srcset=\"https:\/\/ludaude.fr\/wp-content\/uploads\/2018\/03\/perlatette-150x150.png 150w, https:\/\/ludaude.fr\/wp-content\/uploads\/2018\/03\/perlatette.png 300w\" sizes=\"auto, (max-width: 150px) 100vw, 150px\" \/><p id=\"caption-attachment-2886\" class=\"wp-caption-text\">2 \u00e0 5 joueurs \/ 6 ans et + \/ 15&prime;<\/p><\/div>\n<p>&nbsp;<\/p>\n<p><strong>Yogi<\/strong> : Yogi est un jeu d\u2019ambiance impliquant des d\u00e9fis physiques. Par exemple \u00abun doigt touche le nez\u00bb, \u00able coude gauche au-dessus de l\u2019\u00e9paule\u00bb, \u00ab les deux mains doivent se toucher\u00bb ou \u00abcette carte sur votre t\u00eate\u00bb. Qui sera le dernier en jeu ?<\/p>\n<div id=\"attachment_2887\" style=\"width: 120px\" class=\"wp-caption aligncenter\"><img aria-describedby=\"caption-attachment-2887\" loading=\"lazy\" decoding=\"async\" class=\"wp-image-2887\" src=\"http:\/\/ludaude.fr\/wp-content\/uploads\/2018\/03\/yogi-222x300.png\" alt=\"\" width=\"110\" height=\"149\"><p id=\"caption-attachment-2887\" class=\"wp-caption-text\">3 \u00e0 10 joueurs \/ 8 ans et + \/ 20&prime;<\/p><\/div>\n<p>&nbsp;<\/p>\n<p><strong>Kontour<\/strong> : Les joueurs vont tenter de faire deviner aux autres un mot, mais attention : ils ne disposent que de 30 secondes et 15 traits pour y parvenir ! Faites preuve d\u2019imagination et d\u2019un esprit de simplification pour remporter la victoire.<\/p>\n<div id=\"attachment_2888\" style=\"width: 156px\" class=\"wp-caption aligncenter\"><img aria-describedby=\"caption-attachment-2888\" loading=\"lazy\" decoding=\"async\" class=\"wp-image-2888 \" src=\"http:\/\/ludaude.fr\/wp-content\/uploads\/2018\/03\/kontour-221x300.png\" alt=\"\" width=\"146\" height=\"199\" srcset=\"https:\/\/ludaude.fr\/wp-content\/uploads\/2018\/03\/kontour-221x300.png 221w, https:\/\/ludaude.fr\/wp-content\/uploads\/2018\/03\/kontour.png 300w\" sizes=\"auto, (max-width: 146px) 100vw, 146px\" \/><p id=\"caption-attachment-2888\" class=\"wp-caption-text\">3 \u00e0 7 joueurs \/ 10 ans et + \/ 20&prime;<\/p><\/div>\n<p>&nbsp;<\/p>\n<p><strong>Kuna Yala<\/strong> : Jeu de strat\u00e9gie. Au fil de l&rsquo;eau les joueurs ajoutent des poissons ou en font dispara\u00eetre. Pas simple de jouer sans que les autres ne rep\u00e8rent votre strat\u00e9gie !<\/p>\n<div id=\"attachment_2889\" style=\"width: 160px\" class=\"wp-caption aligncenter\"><img aria-describedby=\"caption-attachment-2889\" loading=\"lazy\" decoding=\"async\" class=\"wp-image-2889 size-thumbnail\" src=\"http:\/\/ludaude.fr\/wp-content\/uploads\/2018\/03\/kuna-yala-150x150.png\" alt=\"\" width=\"150\" height=\"150\" srcset=\"https:\/\/ludaude.fr\/wp-content\/uploads\/2018\/03\/kuna-yala-150x150.png 150w, https:\/\/ludaude.fr\/wp-content\/uploads\/2018\/03\/kuna-yala.png 300w\" sizes=\"auto, (max-width: 150px) 100vw, 150px\" \/><p id=\"caption-attachment-2889\" class=\"wp-caption-text\">2 \u00e0 4 joueurs \/ 8 ans et + \/ 20&prime;<\/p><\/div>\n<p>&nbsp;<\/p>\n<p><strong>Animouv<\/strong> : Le but du jeu est de placer les pions animaux selon l\u2019alignement indiqu\u00e9 sur la carte dont dispose chaque joueur. Une fois ce placement r\u00e9alis\u00e9, le joueur gagne la carte et en tire une nouvelle, celui qui a le plus de cartes \u00e0 la fin de la partie gagne.<\/p>\n<div id=\"attachment_2890\" style=\"width: 160px\" class=\"wp-caption aligncenter\"><img aria-describedby=\"caption-attachment-2890\" loading=\"lazy\" decoding=\"async\" class=\"wp-image-2890 size-thumbnail\" src=\"http:\/\/ludaude.fr\/wp-content\/uploads\/2018\/03\/animouv-150x150.png\" alt=\"\" width=\"150\" height=\"150\" srcset=\"https:\/\/ludaude.fr\/wp-content\/uploads\/2018\/03\/animouv-150x150.png 150w, https:\/\/ludaude.fr\/wp-content\/uploads\/2018\/03\/animouv.png 285w\" sizes=\"auto, (max-width: 150px) 100vw, 150px\" \/><p id=\"caption-attachment-2890\" class=\"wp-caption-text\">2 \u00e0 4 joueurs \/ 7 ans et + \/ 20&prime;<\/p><\/div>\n<p>&nbsp;<\/p>\n<p><strong>When I Dream<\/strong> : C\u2019est un jeu onirique o\u00f9 tous les joueurs incarneront \u00e0 tour de r\u00f4le un r\u00eaveur. Ce dernier va devoir deviner le plus de mots possible et les autres joueurs vont incarner les esprits du r\u00eave. A la fin de la manche, le r\u00eaveur contera son r\u00eave afin de faire voyager les autres joueurs\u2026 Puis les r\u00f4les changent et un nouveau tour commence&#8230;<\/p>\n<div id=\"attachment_2891\" style=\"width: 160px\" class=\"wp-caption aligncenter\"><img aria-describedby=\"caption-attachment-2891\" loading=\"lazy\" decoding=\"async\" class=\"wp-image-2891 size-thumbnail\" src=\"http:\/\/ludaude.fr\/wp-content\/uploads\/2018\/03\/when-I-dream-150x150.png\" alt=\"\" width=\"150\" height=\"150\"><p id=\"caption-attachment-2891\" class=\"wp-caption-text\">4 \u00e0 10 joueurs \/ 8 ans et + \/ 30&prime;<\/p><\/div>\n<p>&nbsp;<\/p>\n<p><strong>Meeple Circus<\/strong> : Vous n\u2019avez qu\u2019un but&nbsp;: Divertir&nbsp;! Vous ne recherchez qu\u2019une chose&nbsp;: les applaudissements des grands et des petits. Oui mais la concurrence est rude. Devenez le cirque le plus \u00e9clatant en proposant des num\u00e9ros \u00e9tincelants&nbsp;! Acrobates, chevaux et divers accessoires sont \u00e0 votre disposition. Faites preuve d\u2019une pr\u00e9paration sans faille puis d\u2019une adresse remarquable lorsque la musique de cirque retentira et quand tous les yeux seront sur vous&nbsp;!<\/p>\n<div id=\"attachment_2892\" style=\"width: 158px\" class=\"wp-caption aligncenter\"><img aria-describedby=\"caption-attachment-2892\" loading=\"lazy\" decoding=\"async\" class=\"wp-image-2892\" src=\"http:\/\/ludaude.fr\/wp-content\/uploads\/2018\/03\/meeple-circus.png\" alt=\"\" width=\"148\" height=\"162\" srcset=\"https:\/\/ludaude.fr\/wp-content\/uploads\/2018\/03\/meeple-circus.png 285w, https:\/\/ludaude.fr\/wp-content\/uploads\/2018\/03\/meeple-circus-274x300.png 274w\" sizes=\"auto, (max-width: 148px) 100vw, 148px\" \/><p id=\"caption-attachment-2892\" class=\"wp-caption-text\">2 \u00e0 5 joueurs \/ 8 ans et + \/ 30-60&prime;<\/p><\/div>\n<p>&nbsp;<\/p>\n<p><strong>Room-25<\/strong> : Pris au pi\u00e8ge dans une prison de 25 salles, vous devez trouver la sortie, la Room 25. Mais l\u2019un d\u2019entre vous cache peut-\u00eatre son jeu et pourrait \u00eatre l\u2019un des gardiens de la prison qui fera tout pour vous emp\u00eacher de sortir de l\u00e0 vivant. Jeu coop\u00e9ratif ou presque\u2026<\/p>\n<div id=\"attachment_2894\" style=\"width: 160px\" class=\"wp-caption aligncenter\"><img aria-describedby=\"caption-attachment-2894\" loading=\"lazy\" decoding=\"async\" class=\"wp-image-2894 size-thumbnail\" src=\"http:\/\/ludaude.fr\/wp-content\/uploads\/2018\/03\/room25-150x150.png\" alt=\"\" width=\"150\" height=\"150\"><p id=\"caption-attachment-2894\" class=\"wp-caption-text\">1 \u00e0 6 joueurs \/ 8 ans et + \/ 25&prime;<\/p><\/div>\n<p>&nbsp;<\/p>\n<p><strong>Niwa<\/strong> : A la mani\u00e8re des ma\u00eetres japonais, les joueurs se d\u00e9placent avec strat\u00e9gie pour atteindre le camp de leur adversaire. Beaucoup de strat\u00e9gie dans ce jeu o\u00f9 on avance \u00e0 petits pas.<\/p>\n<div id=\"attachment_2897\" style=\"width: 160px\" class=\"wp-caption aligncenter\"><img aria-describedby=\"caption-attachment-2897\" loading=\"lazy\" decoding=\"async\" class=\"wp-image-2897 size-thumbnail\" src=\"http:\/\/ludaude.fr\/wp-content\/uploads\/2018\/03\/jeu-niwa-djeco-150x150.jpg\" alt=\"\" width=\"150\" height=\"150\" srcset=\"https:\/\/ludaude.fr\/wp-content\/uploads\/2018\/03\/jeu-niwa-djeco-150x150.jpg 150w, https:\/\/ludaude.fr\/wp-content\/uploads\/2018\/03\/jeu-niwa-djeco-300x300.jpg 300w, https:\/\/ludaude.fr\/wp-content\/uploads\/2018\/03\/jeu-niwa-djeco.jpg 600w\" sizes=\"auto, (max-width: 150px) 100vw, 150px\" \/><p id=\"caption-attachment-2897\" class=\"wp-caption-text\">2 joueurs \/ 7 ans et + \/ 15&prime;<\/p><\/div>\n<p>&nbsp;<\/p>\n<p><strong>Feelings<\/strong> : Jeu d\u2019expression et d\u2019\u00e9changes empathiques \u00e0 travers nos \u00e9motions. \u00c0 vivre en famille, entre amis ou en groupe. \u00c0 partir de situations diff\u00e9rentes, Feelings invite \u00e0 la rencontre de soi et de l\u2019autre, \u00e0 l\u2019\u00e9coute de nos diff\u00e9rences et de nos ressemblances. \u00c0 la lecture d\u2019une situation donn\u00e9e, chaque joueur est invit\u00e9 \u00e0 se positionner sur l\u2019une des \u00e9motions propos\u00e9es dont il se sent le plus proche. Il \u00e9change ensuite un regard avec son partenaire et mise sur l\u2019\u00e9motion qu\u2019il pense choisie par celui-ci. L\u2019objectif ludique est de trouver l\u2019\u00e9motion de l\u2019autre. La piste des \u00e9motions refl\u00e9tera votre degr\u00e9 d\u2019empathie et d\u2019ouverture aux autres.<\/p>\n<div id=\"attachment_2898\" style=\"width: 205px\" class=\"wp-caption aligncenter\"><img aria-describedby=\"caption-attachment-2898\" loading=\"lazy\" decoding=\"async\" class=\"wp-image-2898 \" src=\"http:\/\/ludaude.fr\/wp-content\/uploads\/2018\/03\/Feelings-300x271.jpg\" alt=\"\" width=\"195\" height=\"176\" srcset=\"https:\/\/ludaude.fr\/wp-content\/uploads\/2018\/03\/Feelings-300x271.jpg 300w, https:\/\/ludaude.fr\/wp-content\/uploads\/2018\/03\/Feelings-768x693.jpg 768w, https:\/\/ludaude.fr\/wp-content\/uploads\/2018\/03\/Feelings.jpg 800w\" sizes=\"auto, (max-width: 195px) 100vw, 195px\" \/><p id=\"caption-attachment-2898\" class=\"wp-caption-text\">3 \u00e0 8 joueurs \/ 8 ans et + \/ 30-60&prime;<\/p><\/div>\n<p>&nbsp;<\/p>\n<p><strong>Panic Island !<\/strong> : Dans ce jeu coop\u00e9ratif vous vous retrouvez sur l\u2019\u00eele Gouga. \u00c0 cette \u00e9poque les Cro-Magnon vivent en harmonie avec les c\u00e9l\u00e8bres dodos, animaux \u00e9tranges mais tellement sympathiques. Malheureusement, un matin, le volcan entre en \u00e9ruption ! Vite ! Il faut quitter l\u2019\u00eele ! En tant que chefs de clan, vous avez deux minutes pour fuir et sauver un maximum de Cro-Magnon, de dodos et d\u2019\u0153ufs de dodo, avant que le volcan n\u2019explose ! Bonne chance !<\/p>\n<div id=\"attachment_2899\" style=\"width: 160px\" class=\"wp-caption aligncenter\"><img aria-describedby=\"caption-attachment-2899\" loading=\"lazy\" decoding=\"async\" class=\"wp-image-2899 size-thumbnail\" src=\"http:\/\/ludaude.fr\/wp-content\/uploads\/2018\/03\/panic-island-150x150.jpeg\" alt=\"\" width=\"150\" height=\"150\" srcset=\"https:\/\/ludaude.fr\/wp-content\/uploads\/2018\/03\/panic-island-150x150.jpeg 150w, https:\/\/ludaude.fr\/wp-content\/uploads\/2018\/03\/panic-island-300x300.jpeg 300w, https:\/\/ludaude.fr\/wp-content\/uploads\/2018\/03\/panic-island-768x768.jpeg 768w, https:\/\/ludaude.fr\/wp-content\/uploads\/2018\/03\/panic-island.jpeg 900w\" sizes=\"auto, (max-width: 150px) 100vw, 150px\" \/><p id=\"caption-attachment-2899\" class=\"wp-caption-text\">1 \u00e0 8 joueurs \/ 8 ans et + \/ 2&prime;<\/p><\/div>\n","protected":false},"excerpt":{"rendered":"<p>Le petit prince (strat\u00e9gie) : Chaque joueur doit construire la plus \u00ab\u00a0belle\u00a0\u00bb plan\u00e8te possible en fonction des personnages qui l&rsquo;entourent.&hellip; <a class=\"read-more\" href=\"https:\/\/ludaude.fr\/?page_id=2871\">Continuer la lecture<\/a><\/p>\n","protected":false},"author":1,"featured_media":0,"parent":50,"menu_order":1,"comment_status":"closed","ping_status":"closed","template":"","meta":{"ngg_post_thumbnail":0,"footnotes":""},"class_list":["post-2871","page","type-page","status-publish","hentry"],"_links":{"self":[{"href":"https:\/\/ludaude.fr\/index.php?rest_route=\/wp\/v2\/pages\/2871","targetHints":{"allow":["GET"]}}],"collection":[{"href":"https:\/\/ludaude.fr\/index.php?rest_route=\/wp\/v2\/pages"}],"about":[{"href":"https:\/\/ludaude.fr\/index.php?rest_route=\/wp\/v2\/types\/page"}],"author":[{"embeddable":true,"href":"https:\/\/ludaude.fr\/index.php?rest_route=\/wp\/v2\/users\/1"}],"replies":[{"embeddable":true,"href":"https:\/\/ludaude.fr\/index.php?rest_route=%2Fwp%2Fv2%2Fcomments&post=2871"}],"version-history":[{"count":9,"href":"https:\/\/ludaude.fr\/index.php?rest_route=\/wp\/v2\/pages\/2871\/revisions"}],"predecessor-version":[{"id":3343,"href":"https:\/\/ludaude.fr\/index.php?rest_route=\/wp\/v2\/pages\/2871\/revisions\/3343"}],"up":[{"embeddable":true,"href":"https:\/\/ludaude.fr\/index.php?rest_route=\/wp\/v2\/pages\/50"}],"wp:attachment":[{"href":"https:\/\/ludaude.fr\/index.php?rest_route=%2Fwp%2Fv2%2Fmedia&parent=2871"}],"curies":[{"name":"wp","href":"https:\/\/api.w.org\/{rel}","templated":true}]}}