{"id":43,"date":"2009-01-10T17:35:18","date_gmt":"2009-01-10T16:35:18","guid":{"rendered":"http:\/\/ludaude.fr\/?page_id=43"},"modified":"2020-12-01T15:13:13","modified_gmt":"2020-12-01T14:13:13","slug":"les-soirees-jeux","status":"publish","type":"page","link":"https:\/\/ludaude.fr\/?page_id=43","title":{"rendered":"Les soir\u00e9es jeux"},"content":{"rendered":"<p><span style=\"color: #000000;\"><br \/>\nVenez passer un moment convivial autour de jeux de r\u00f4les, de strat\u00e9gies ou du monde, autour de jeux \u00e0 deux ou \u00e0 plusieurs, jeux de comptoir&#8230;<\/span><\/p>\n<h4>Soir\u00e9es ADO :<\/h4>\n<p style=\"text-align: justify;\">(Dates \u00e0 venir &#8211; pour plus d&rsquo;infos <a href=\"http:\/\/ludaude.fr\/?page_id=1980\"><strong>contactez-nous<\/strong><\/a>)<\/p>\n<h4>Soir\u00e9es ADULTES :<\/h4>\n<p>(Dates \u00e0 venir &#8211; pour plus d&rsquo;infos <a href=\"http:\/\/ludaude.fr\/?page_id=1980\"><strong>contactez-nous<\/strong><\/a>)<\/p>\n<p>&nbsp;<\/p>\n<p>&nbsp;<\/p>\n<p>&nbsp;<\/p>\n<p>&nbsp;<\/p>\n","protected":false},"excerpt":{"rendered":"<p>Venez passer un moment convivial autour de jeux de r\u00f4les, de strat\u00e9gies ou du monde, autour de jeux \u00e0 deux&hellip; <a class=\"read-more\" href=\"https:\/\/ludaude.fr\/?page_id=43\">Continuer la lecture<\/a><\/p>\n","protected":false},"author":1,"featured_media":0,"parent":22,"menu_order":2,"comment_status":"closed","ping_status":"closed","template":"","meta":{"ngg_post_thumbnail":0,"footnotes":""},"class_list":["post-43","page","type-page","status-publish","hentry"],"_links":{"self":[{"href":"https:\/\/ludaude.fr\/index.php?rest_route=\/wp\/v2\/pages\/43","targetHints":{"allow":["GET"]}}],"collection":[{"href":"https:\/\/ludaude.fr\/index.php?rest_route=\/wp\/v2\/pages"}],"about":[{"href":"https:\/\/ludaude.fr\/index.php?rest_route=\/wp\/v2\/types\/page"}],"author":[{"embeddable":true,"href":"https:\/\/ludaude.fr\/index.php?rest_route=\/wp\/v2\/users\/1"}],"replies":[{"embeddable":true,"href":"https:\/\/ludaude.fr\/index.php?rest_route=%2Fwp%2Fv2%2Fcomments&post=43"}],"version-history":[{"count":85,"href":"https:\/\/ludaude.fr\/index.php?rest_route=\/wp\/v2\/pages\/43\/revisions"}],"predecessor-version":[{"id":3340,"href":"https:\/\/ludaude.fr\/index.php?rest_route=\/wp\/v2\/pages\/43\/revisions\/3340"}],"up":[{"embeddable":true,"href":"https:\/\/ludaude.fr\/index.php?rest_route=\/wp\/v2\/pages\/22"}],"wp:attachment":[{"href":"https:\/\/ludaude.fr\/index.php?rest_route=%2Fwp%2Fv2%2Fmedia&parent=43"}],"curies":[{"name":"wp","href":"https:\/\/api.w.org\/{rel}","templated":true}]}}