{"id":50,"date":"2009-01-10T17:53:28","date_gmt":"2009-01-10T16:53:28","guid":{"rendered":"http:\/\/ludaude.fr\/?page_id=50"},"modified":"2020-12-01T15:14:19","modified_gmt":"2020-12-01T14:14:19","slug":"la-location-de-jeux","status":"publish","type":"page","link":"https:\/\/ludaude.fr\/?page_id=50","title":{"rendered":"Pr\u00eat de jeux \/ jouets"},"content":{"rendered":"<p style=\"text-align: justify;\">L\u2019association poss\u00e8de plus de 1500 jeux&nbsp;et jouets qu\u2019elle&nbsp;pr\u00eate aux familles ou aux structures (association, \u00e9coles, collectivit\u00e9s&#8230;). Les animateurs sont l\u00e0 pour vous conseiller sur les jeux susceptibles de&nbsp;vous int\u00e9resser.<\/p>\n<p style=\"text-align: justify;\"><strong><span style=\"color: #b90064;\"><a href=\"http:\/\/ludaude.fr\/wp-content\/uploads\/2009\/01\/bal-des-coccinelles.jpg\"><img loading=\"lazy\" decoding=\"async\" class=\"alignleft\" title=\"bal des coccinelles\" alt=\"\" src=\"http:\/\/ludaude.fr\/wp-content\/uploads\/2009\/01\/bal-des-coccinelles-300x225.jpg\" width=\"192\" height=\"144\"><\/a><\/span><\/strong><\/p>\n<p style=\"text-align: justify;\"><strong><span style=\"color: #b90064;\">Pr\u00eat de jeux aux familles et particuliers:<\/span><\/strong><\/p>\n<p style=\"text-align: justify;\">Une famille peut emprunter jusqu\u2019\u00e0 trois jeux&nbsp;pendant 1 mois.<\/p>\n<p style=\"text-align: justify;\"><span style=\"color: #000000;\"><strong>Tarif:<\/strong>&nbsp;1\u20ac\/jeu + <a href=\"http:\/\/ludaude.fr\/?page_id=9\">adh\u00e9sion annuelle<\/a> (20 \u00e0 35 \u20ac suivant le nombre de personnes) \/ caution de 80 \u20ac<\/span><\/p>\n<p style=\"text-align: justify;\"><strong><strong><strong><strong><a href=\"http:\/\/ludaude.fr\/wp-content\/uploads\/2009\/01\/construction-bille.jpg\">&nbsp;<\/a><\/strong><\/strong><\/strong><\/strong><\/p>\n<p style=\"text-align: justify;\"><strong style=\"line-height: 1.5em;\"><span style=\"color: #b90064;\">Pr\u00eat de jeux aux structures:<\/span><\/strong><\/p>\n<p style=\"text-align: justify;\"><span style=\"color: #000000;\"><strong><strong><strong><strong><a href=\"http:\/\/ludaude.fr\/wp-content\/uploads\/2009\/01\/construction-bille.jpg\"><img loading=\"lazy\" decoding=\"async\" class=\"alignright\" title=\"construction bille\" alt=\"\" src=\"http:\/\/ludaude.fr\/wp-content\/uploads\/2009\/01\/construction-bille-300x224.jpg\" width=\"192\" height=\"143\"><\/a><\/strong><\/strong><\/strong><\/strong>Le nombre de jeux emprunt\u00e9s et le temps de garde seront d\u00e9cid\u00e9s avec les animateurs suivant les besoins de votre structure et les besoins de la ludoth\u00e8que.<\/span><\/p>\n<p style=\"text-align: justify;\"><span style=\"color: #000000;\">Nous pouvons vous proposer un accompagnement personalis\u00e9 pour choisir les jeux et savoir comment les utiliser avec vos publics<\/span><\/p>\n<p style=\"text-align: justify;\"><span style=\"color: #000000;\"><strong>Tarif<\/strong>:&nbsp;1\u20ac\/jeu +l&rsquo;adh\u00e9sion annuelle de 40 \u20ac \/ caution de 80 \u20ac<\/span><\/p>\n<p style=\"text-align: justify;\"><strong><span style=\"color: #b90064;\"><a href=\"http:\/\/ludaude.fr\/wp-content\/uploads\/2009\/01\/billard-japonais1.jpg\"><img loading=\"lazy\" decoding=\"async\" class=\"alignleft size-full wp-image-1374\" title=\"Billard Japonais\" alt=\"\" src=\"http:\/\/ludaude.fr\/wp-content\/uploads\/2009\/01\/billard-japonais1.jpg\" width=\"100\" height=\"100\"><\/a>Pr\u00eat de grands&nbsp;jeux&nbsp;en bois:<\/span><\/strong><\/p>\n<p style=\"text-align: justify;\"><span style=\"color: #000000;\">Sans prendre l&rsquo;adh\u00e9sion annuelle, toute structure ou particulier peut&nbsp;emprunter nos grands jeux en bois, pour animer un \u00e9v\u00e8nement.<\/span><\/p>\n<p style=\"text-align: justify;\"><strong>Tarif :<\/strong> Forfait de 50\u20ac pour 6 jeux, sinon 10\u20ac le jeu emprunt\u00e9 \/ caution de 1000 \u20ac<\/p>\n<p><span style=\"color: #000000;\">Les conditions d&#8217;emprunt, comme le temps de garde des jeux, seront d\u00e9finis pr\u00e9ablement avec les animateurs de Lud&rsquo;Aude selon les disponibilit\u00e9s.<\/span><\/p>\n<p style=\"text-align: justify;\">Retrouvez les photos de nos jeux dans la rubrique <span style=\"color: #0099cc;\"><a href=\"http:\/\/ludaude.fr\/?page_id=93\">guide des jeux<\/a><br \/>\n<\/span><\/p>\n<p style=\"text-align: justify;\">En attendant, un petit diaporama de quelques uns de nos grands jeux :&nbsp;<!-- index.php -->\n<div\n\tclass=\"ngg-galleryoverview\"\n\tid=\"ngg-gallery-c3a0a47ff1ef583b0f6674d91e3c8d82-1\">\n\n    \t<div class=\"slideshowlink\">\n        <a href='https:\/\/ludaude.fr\/index.php\/nggallery\/slideshow?page_id=50'>[Diaporama]<\/a>\n\t\t\n\t<\/div>\n\t\t\t<!-- Thumbnails -->\n\t\t\t\t<div id=\"ngg-image-0\" class=\"ngg-gallery-thumbnail-box\" >\n\t\t\t\t        <div class=\"ngg-gallery-thumbnail\">\n            <a href=\"https:\/\/ludaude.fr\/wp-content\/gallery\/nos-jeux\/dsc2209.png\"\n               title=\"\"\n               data-src=\"https:\/\/ludaude.fr\/wp-content\/gallery\/nos-jeux\/dsc2209.png\"\n               data-thumbnail=\"https:\/\/ludaude.fr\/wp-content\/gallery\/nos-jeux\/thumbs\/thumbs_dsc2209.png\"\n               data-image-id=\"55\"\n               data-title=\"dsc2209\"\n               data-description=\"\"\n               data-image-slug=\"dsc2209\"\n               class=\"shutterset_c3a0a47ff1ef583b0f6674d91e3c8d82\">\n                <img\n                    title=\"dsc2209\"\n                    alt=\"dsc2209\"\n                    src=\"https:\/\/ludaude.fr\/wp-content\/gallery\/nos-jeux\/thumbs\/thumbs_dsc2209.png\"\n                    width=\"100\"\n                    height=\"75\"\n                    style=\"max-width:100%;\"\n                \/>\n            <\/a>\n        <\/div>\n\t\t\t\t\t\t\t<\/div> \n\t\t\t\n                            \n\t\t\t\t<div id=\"ngg-image-1\" class=\"ngg-gallery-thumbnail-box\" >\n\t\t\t\t        <div class=\"ngg-gallery-thumbnail\">\n            <a href=\"https:\/\/ludaude.fr\/wp-content\/gallery\/nos-jeux\/fete-du-jeu-2010-165.png\"\n               title=\"\"\n               data-src=\"https:\/\/ludaude.fr\/wp-content\/gallery\/nos-jeux\/fete-du-jeu-2010-165.png\"\n               data-thumbnail=\"https:\/\/ludaude.fr\/wp-content\/gallery\/nos-jeux\/thumbs\/thumbs_fete-du-jeu-2010-165.png\"\n               data-image-id=\"56\"\n               data-title=\"fete-du-jeu-2010-165\"\n               data-description=\"\"\n               data-image-slug=\"fete-du-jeu-2010-165\"\n               class=\"shutterset_c3a0a47ff1ef583b0f6674d91e3c8d82\">\n                <img\n                    title=\"fete-du-jeu-2010-165\"\n                    alt=\"fete-du-jeu-2010-165\"\n                    src=\"https:\/\/ludaude.fr\/wp-content\/gallery\/nos-jeux\/thumbs\/thumbs_fete-du-jeu-2010-165.png\"\n                    width=\"100\"\n                    height=\"75\"\n                    style=\"max-width:100%;\"\n                \/>\n            <\/a>\n        <\/div>\n\t\t\t\t\t\t\t<\/div> \n\t\t\t\n                            \n\t\t\t\t<div id=\"ngg-image-2\" class=\"ngg-gallery-thumbnail-box\" >\n\t\t\t\t        <div class=\"ngg-gallery-thumbnail\">\n            <a href=\"https:\/\/ludaude.fr\/wp-content\/gallery\/nos-jeux\/ludo-22.png\"\n               title=\"\"\n               data-src=\"https:\/\/ludaude.fr\/wp-content\/gallery\/nos-jeux\/ludo-22.png\"\n               data-thumbnail=\"https:\/\/ludaude.fr\/wp-content\/gallery\/nos-jeux\/thumbs\/thumbs_ludo-22.png\"\n               data-image-id=\"57\"\n               data-title=\"ludo-22\"\n               data-description=\"\"\n               data-image-slug=\"ludo-22\"\n               class=\"shutterset_c3a0a47ff1ef583b0f6674d91e3c8d82\">\n                <img\n                    title=\"ludo-22\"\n                    alt=\"ludo-22\"\n                    src=\"https:\/\/ludaude.fr\/wp-content\/gallery\/nos-jeux\/thumbs\/thumbs_ludo-22.png\"\n                    width=\"100\"\n                    height=\"75\"\n                    style=\"max-width:100%;\"\n                \/>\n            <\/a>\n        <\/div>\n\t\t\t\t\t\t\t<\/div> \n\t\t\t\n                            \n\t\t\t\t<div id=\"ngg-image-3\" class=\"ngg-gallery-thumbnail-box\" >\n\t\t\t\t        <div class=\"ngg-gallery-thumbnail\">\n            <a href=\"https:\/\/ludaude.fr\/wp-content\/gallery\/nos-jeux\/ludo-27.png\"\n               title=\"\"\n               data-src=\"https:\/\/ludaude.fr\/wp-content\/gallery\/nos-jeux\/ludo-27.png\"\n               data-thumbnail=\"https:\/\/ludaude.fr\/wp-content\/gallery\/nos-jeux\/thumbs\/thumbs_ludo-27.png\"\n               data-image-id=\"58\"\n               data-title=\"ludo-27\"\n               data-description=\"\"\n               data-image-slug=\"ludo-27\"\n               class=\"shutterset_c3a0a47ff1ef583b0f6674d91e3c8d82\">\n                <img\n                    title=\"ludo-27\"\n                    alt=\"ludo-27\"\n                    src=\"https:\/\/ludaude.fr\/wp-content\/gallery\/nos-jeux\/thumbs\/thumbs_ludo-27.png\"\n                    width=\"100\"\n                    height=\"75\"\n                    style=\"max-width:100%;\"\n                \/>\n            <\/a>\n        <\/div>\n\t\t\t\t\t\t\t<\/div> \n\t\t\t\n                            \n\t\t\t\t<div id=\"ngg-image-4\" class=\"ngg-gallery-thumbnail-box\" >\n\t\t\t\t        <div class=\"ngg-gallery-thumbnail\">\n            <a href=\"https:\/\/ludaude.fr\/wp-content\/gallery\/nos-jeux\/ludo-3.png\"\n               title=\"\"\n               data-src=\"https:\/\/ludaude.fr\/wp-content\/gallery\/nos-jeux\/ludo-3.png\"\n               data-thumbnail=\"https:\/\/ludaude.fr\/wp-content\/gallery\/nos-jeux\/thumbs\/thumbs_ludo-3.png\"\n               data-image-id=\"59\"\n               data-title=\"ludo-3\"\n               data-description=\"\"\n               data-image-slug=\"ludo-3\"\n               class=\"shutterset_c3a0a47ff1ef583b0f6674d91e3c8d82\">\n                <img\n                    title=\"ludo-3\"\n                    alt=\"ludo-3\"\n                    src=\"https:\/\/ludaude.fr\/wp-content\/gallery\/nos-jeux\/thumbs\/thumbs_ludo-3.png\"\n                    width=\"100\"\n                    height=\"75\"\n                    style=\"max-width:100%;\"\n                \/>\n            <\/a>\n        <\/div>\n\t\t\t\t\t\t\t<\/div> \n\t\t\t\n                                    <br style=\"clear: both\" \/>\n                    \n\t\t\t\t<div id=\"ngg-image-5\" class=\"ngg-gallery-thumbnail-box\" >\n\t\t\t\t        <div class=\"ngg-gallery-thumbnail\">\n            <a href=\"https:\/\/ludaude.fr\/wp-content\/gallery\/nos-jeux\/palet-anglais.png\"\n               title=\"\"\n               data-src=\"https:\/\/ludaude.fr\/wp-content\/gallery\/nos-jeux\/palet-anglais.png\"\n               data-thumbnail=\"https:\/\/ludaude.fr\/wp-content\/gallery\/nos-jeux\/thumbs\/thumbs_palet-anglais.png\"\n               data-image-id=\"60\"\n               data-title=\"palet-anglais\"\n               data-description=\"\"\n               data-image-slug=\"palet-anglais\"\n               class=\"shutterset_c3a0a47ff1ef583b0f6674d91e3c8d82\">\n                <img\n                    title=\"palet-anglais\"\n                    alt=\"palet-anglais\"\n                    src=\"https:\/\/ludaude.fr\/wp-content\/gallery\/nos-jeux\/thumbs\/thumbs_palet-anglais.png\"\n                    width=\"100\"\n                    height=\"75\"\n                    style=\"max-width:100%;\"\n                \/>\n            <\/a>\n        <\/div>\n\t\t\t\t\t\t\t<\/div> \n\t\t\t\n                            \n\t\t\t\t<div id=\"ngg-image-6\" class=\"ngg-gallery-thumbnail-box\" >\n\t\t\t\t        <div class=\"ngg-gallery-thumbnail\">\n            <a href=\"https:\/\/ludaude.fr\/wp-content\/gallery\/nos-jeux\/remonte-balle3.png\"\n               title=\"\"\n               data-src=\"https:\/\/ludaude.fr\/wp-content\/gallery\/nos-jeux\/remonte-balle3.png\"\n               data-thumbnail=\"https:\/\/ludaude.fr\/wp-content\/gallery\/nos-jeux\/thumbs\/thumbs_remonte-balle3.png\"\n               data-image-id=\"61\"\n               data-title=\"remonte-balle3\"\n               data-description=\"\"\n               data-image-slug=\"remonte-balle3\"\n               class=\"shutterset_c3a0a47ff1ef583b0f6674d91e3c8d82\">\n                <img\n                    title=\"remonte-balle3\"\n                    alt=\"remonte-balle3\"\n                    src=\"https:\/\/ludaude.fr\/wp-content\/gallery\/nos-jeux\/thumbs\/thumbs_remonte-balle3.png\"\n                    width=\"100\"\n                    height=\"75\"\n                    style=\"max-width:100%;\"\n                \/>\n            <\/a>\n        <\/div>\n\t\t\t\t\t\t\t<\/div> \n\t\t\t\n                            \n\t\t\t\t<div id=\"ngg-image-7\" class=\"ngg-gallery-thumbnail-box\" >\n\t\t\t\t        <div class=\"ngg-gallery-thumbnail\">\n            <a href=\"https:\/\/ludaude.fr\/wp-content\/gallery\/nos-jeux\/rimg0128.png\"\n               title=\"\"\n               data-src=\"https:\/\/ludaude.fr\/wp-content\/gallery\/nos-jeux\/rimg0128.png\"\n               data-thumbnail=\"https:\/\/ludaude.fr\/wp-content\/gallery\/nos-jeux\/thumbs\/thumbs_rimg0128.png\"\n               data-image-id=\"62\"\n               data-title=\"rimg0128\"\n               data-description=\"\"\n               data-image-slug=\"rimg0128\"\n               class=\"shutterset_c3a0a47ff1ef583b0f6674d91e3c8d82\">\n                <img\n                    title=\"rimg0128\"\n                    alt=\"rimg0128\"\n                    src=\"https:\/\/ludaude.fr\/wp-content\/gallery\/nos-jeux\/thumbs\/thumbs_rimg0128.png\"\n                    width=\"100\"\n                    height=\"75\"\n                    style=\"max-width:100%;\"\n                \/>\n            <\/a>\n        <\/div>\n\t\t\t\t\t\t\t<\/div> \n\t\t\t\n                            \n\t\t\t\t<div id=\"ngg-image-8\" class=\"ngg-gallery-thumbnail-box\" >\n\t\t\t\t        <div class=\"ngg-gallery-thumbnail\">\n            <a href=\"https:\/\/ludaude.fr\/wp-content\/gallery\/nos-jeux\/rimg0143.png\"\n               title=\"\"\n               data-src=\"https:\/\/ludaude.fr\/wp-content\/gallery\/nos-jeux\/rimg0143.png\"\n               data-thumbnail=\"https:\/\/ludaude.fr\/wp-content\/gallery\/nos-jeux\/thumbs\/thumbs_rimg0143.png\"\n               data-image-id=\"63\"\n               data-title=\"rimg0143\"\n               data-description=\"\"\n               data-image-slug=\"rimg0143\"\n               class=\"shutterset_c3a0a47ff1ef583b0f6674d91e3c8d82\">\n                <img\n                    title=\"rimg0143\"\n                    alt=\"rimg0143\"\n                    src=\"https:\/\/ludaude.fr\/wp-content\/gallery\/nos-jeux\/thumbs\/thumbs_rimg0143.png\"\n                    width=\"100\"\n                    height=\"75\"\n                    style=\"max-width:100%;\"\n                \/>\n            <\/a>\n        <\/div>\n\t\t\t\t\t\t\t<\/div> \n\t\t\t\n                            \n\t\t\t\t<div id=\"ngg-image-9\" class=\"ngg-gallery-thumbnail-box\" >\n\t\t\t\t        <div class=\"ngg-gallery-thumbnail\">\n            <a href=\"https:\/\/ludaude.fr\/wp-content\/gallery\/nos-jeux\/trapenum.png\"\n               title=\"\"\n               data-src=\"https:\/\/ludaude.fr\/wp-content\/gallery\/nos-jeux\/trapenum.png\"\n               data-thumbnail=\"https:\/\/ludaude.fr\/wp-content\/gallery\/nos-jeux\/thumbs\/thumbs_trapenum.png\"\n               data-image-id=\"64\"\n               data-title=\"trapenum\"\n               data-description=\"\"\n               data-image-slug=\"trapenum\"\n               class=\"shutterset_c3a0a47ff1ef583b0f6674d91e3c8d82\">\n                <img\n                    title=\"trapenum\"\n                    alt=\"trapenum\"\n                    src=\"https:\/\/ludaude.fr\/wp-content\/gallery\/nos-jeux\/thumbs\/thumbs_trapenum.png\"\n                    width=\"100\"\n                    height=\"75\"\n                    style=\"max-width:100%;\"\n                \/>\n            <\/a>\n        <\/div>\n\t\t\t\t\t\t\t<\/div> \n\t\t\t\n                                    <br style=\"clear: both\" \/>\n                    \n\t\t\n\t\t<!-- Pagination -->\n\t<div class='ngg-clear'><\/div>\t<\/div>\n<\/p>\n","protected":false},"excerpt":{"rendered":"<p>L\u2019association poss\u00e8de plus de 1500 jeux&nbsp;et jouets qu\u2019elle&nbsp;pr\u00eate aux familles ou aux structures (association, \u00e9coles, collectivit\u00e9s&#8230;). Les animateurs sont l\u00e0&hellip; <a class=\"read-more\" href=\"https:\/\/ludaude.fr\/?page_id=50\">Continuer la lecture<\/a><\/p>\n","protected":false},"author":1,"featured_media":0,"parent":0,"menu_order":3,"comment_status":"closed","ping_status":"closed","template":"","meta":{"ngg_post_thumbnail":0,"footnotes":""},"class_list":["post-50","page","type-page","status-publish","hentry"],"_links":{"self":[{"href":"https:\/\/ludaude.fr\/index.php?rest_route=\/wp\/v2\/pages\/50","targetHints":{"allow":["GET"]}}],"collection":[{"href":"https:\/\/ludaude.fr\/index.php?rest_route=\/wp\/v2\/pages"}],"about":[{"href":"https:\/\/ludaude.fr\/index.php?rest_route=\/wp\/v2\/types\/page"}],"author":[{"embeddable":true,"href":"https:\/\/ludaude.fr\/index.php?rest_route=\/wp\/v2\/users\/1"}],"replies":[{"embeddable":true,"href":"https:\/\/ludaude.fr\/index.php?rest_route=%2Fwp%2Fv2%2Fcomments&post=50"}],"version-history":[{"count":87,"href":"https:\/\/ludaude.fr\/index.php?rest_route=\/wp\/v2\/pages\/50\/revisions"}],"predecessor-version":[{"id":3341,"href":"https:\/\/ludaude.fr\/index.php?rest_route=\/wp\/v2\/pages\/50\/revisions\/3341"}],"wp:attachment":[{"href":"https:\/\/ludaude.fr\/index.php?rest_route=%2Fwp%2Fv2%2Fmedia&parent=50"}],"curies":[{"name":"wp","href":"https:\/\/api.w.org\/{rel}","templated":true}]}}