{"id":61,"date":"2009-01-10T22:03:43","date_gmt":"2009-01-10T21:03:43","guid":{"rendered":"http:\/\/ludaude.fr\/?page_id=61"},"modified":"2022-07-20T15:20:36","modified_gmt":"2022-07-20T14:20:36","slug":"prestation-de-jeux-surdimensiones","status":"publish","type":"page","link":"https:\/\/ludaude.fr\/?page_id=61","title":{"rendered":"Sur votre \u00e9v\u00e8nement"},"content":{"rendered":"<p style=\"text-align: justify;\"><span style=\"color: #000000;\">Les jeux&nbsp;ont le m\u00e9rite de regrouper adultes et enfants et de faire passer \u00e0 chacun un moment inoubliable.<\/span><\/p>\n<p><span style=\"text-align: justify;\">Les enfants, les adolescents et les adultes&nbsp;participant \u00e0 votre \u00e9v\u00e8nement (kermesse, f\u00eate de village, march\u00e9s&#8230;)&nbsp;se retrouveront ainsi autour de jeux simples, accessibles \u00e0 la fronti\u00e8re de la tradition et de la modernit\u00e9.<\/span><\/p>\n<p><a href=\"http:\/\/ludaude.fr\/wp-content\/uploads\/2009\/01\/Diapositive12.jpg\"><img loading=\"lazy\" decoding=\"async\" class=\"alignleft wp-image-2695\" src=\"http:\/\/ludaude.fr\/wp-content\/uploads\/2009\/01\/Diapositive12-708x1024.jpg\" alt=\"Diapositive1\" width=\"573\" height=\"830\" srcset=\"https:\/\/ludaude.fr\/wp-content\/uploads\/2009\/01\/Diapositive12-708x1024.jpg 708w, https:\/\/ludaude.fr\/wp-content\/uploads\/2009\/01\/Diapositive12-207x300.jpg 207w\" sizes=\"auto, (max-width: 573px) 100vw, 573px\" \/><\/a><\/p>\n<h2>&nbsp;<\/h2>\n<h2 style=\"text-align: center;\"><span style=\"text-decoration: underline;\"><span style=\"color: #000000; font-size: 1.17em;\">Consultez notre <a href=\"http:\/\/ludaude.fr\/?page_id=93\">guide des jeux<\/a><\/span><\/span><\/h2>\n\n\n<figure class=\"wp-block-image size-large\"><img loading=\"lazy\" decoding=\"async\" width=\"709\" height=\"1024\" src=\"https:\/\/ludaude.fr\/wp-content\/uploads\/fly-prestation-evenements-Nouveau-tarifs-2022-1-709x1024.jpg\" alt=\"\" class=\"wp-image-3371\" srcset=\"https:\/\/ludaude.fr\/wp-content\/uploads\/fly-prestation-evenements-Nouveau-tarifs-2022-1-709x1024.jpg 709w, https:\/\/ludaude.fr\/wp-content\/uploads\/fly-prestation-evenements-Nouveau-tarifs-2022-1-208x300.jpg 208w, https:\/\/ludaude.fr\/wp-content\/uploads\/fly-prestation-evenements-Nouveau-tarifs-2022-1.jpg 720w\" sizes=\"auto, (max-width: 709px) 100vw, 709px\" \/><\/figure>\n","protected":false},"excerpt":{"rendered":"<p>Les jeux&nbsp;ont le m\u00e9rite de regrouper adultes et enfants et de faire passer \u00e0 chacun un moment inoubliable. Les enfants,&hellip; <a class=\"read-more\" href=\"https:\/\/ludaude.fr\/?page_id=61\">Continuer la lecture<\/a><\/p>\n","protected":false},"author":1,"featured_media":0,"parent":63,"menu_order":1,"comment_status":"closed","ping_status":"closed","template":"","meta":{"ngg_post_thumbnail":0,"footnotes":""},"class_list":["post-61","page","type-page","status-publish","hentry"],"_links":{"self":[{"href":"https:\/\/ludaude.fr\/index.php?rest_route=\/wp\/v2\/pages\/61","targetHints":{"allow":["GET"]}}],"collection":[{"href":"https:\/\/ludaude.fr\/index.php?rest_route=\/wp\/v2\/pages"}],"about":[{"href":"https:\/\/ludaude.fr\/index.php?rest_route=\/wp\/v2\/types\/page"}],"author":[{"embeddable":true,"href":"https:\/\/ludaude.fr\/index.php?rest_route=\/wp\/v2\/users\/1"}],"replies":[{"embeddable":true,"href":"https:\/\/ludaude.fr\/index.php?rest_route=%2Fwp%2Fv2%2Fcomments&post=61"}],"version-history":[{"count":116,"href":"https:\/\/ludaude.fr\/index.php?rest_route=\/wp\/v2\/pages\/61\/revisions"}],"predecessor-version":[{"id":3372,"href":"https:\/\/ludaude.fr\/index.php?rest_route=\/wp\/v2\/pages\/61\/revisions\/3372"}],"up":[{"embeddable":true,"href":"https:\/\/ludaude.fr\/index.php?rest_route=\/wp\/v2\/pages\/63"}],"wp:attachment":[{"href":"https:\/\/ludaude.fr\/index.php?rest_route=%2Fwp%2Fv2%2Fmedia&parent=61"}],"curies":[{"name":"wp","href":"https:\/\/api.w.org\/{rel}","templated":true}]}}