{"id":63,"date":"2009-01-10T22:06:41","date_gmt":"2009-01-10T21:06:41","guid":{"rendered":"http:\/\/ludaude.fr\/?page_id=63"},"modified":"2013-02-03T23:00:10","modified_gmt":"2013-02-03T22:00:10","slug":"evenementiel","status":"publish","type":"page","link":"https:\/\/ludaude.fr\/?page_id=63","title":{"rendered":"Prestations ludiques"},"content":{"rendered":"<p style=\"text-align: center;\"><span style=\"text-decoration: underline;\"><strong>Quelques-unes de nos interventions en 2012:<\/strong><\/span><\/p>\n<p style=\"text-align: left;\"><strong>F\u00eate de la musique inter-cr\u00e8ches, le 14 juin 2012 :<\/strong><br \/>\nLa ludoth\u00e8que est intervenu sur cette manifestation avec un espace petite enfance (jeux symbolique, de construction, motricit\u00e9) et un espace jeux de soci\u00e9t\u00e9 pour petits et grands !<\/p>\n<p style=\"text-align: left;\"><!-- index.php -->\n<div\n\tclass=\"ngg-galleryoverview\"\n\tid=\"ngg-gallery-5aa622540f2e35152f5bea5b259ef40f-1\">\n\n    \t<div class=\"slideshowlink\">\n        <a href='https:\/\/ludaude.fr\/index.php\/nggallery\/slideshow?page_id=63'>[Diaporama]<\/a>\n\t\t\n\t<\/div>\n\t\t\t<!-- Thumbnails -->\n\t\t\t\t<div id=\"ngg-image-0\" class=\"ngg-gallery-thumbnail-box\" >\n\t\t\t\t        <div class=\"ngg-gallery-thumbnail\">\n            <a href=\"https:\/\/ludaude.fr\/wp-content\/gallery\/fete-de-la-musique-creche\/sdc12298.jpg\"\n               title=\"\"\n               data-src=\"https:\/\/ludaude.fr\/wp-content\/gallery\/fete-de-la-musique-creche\/sdc12298.jpg\"\n               data-thumbnail=\"https:\/\/ludaude.fr\/wp-content\/gallery\/fete-de-la-musique-creche\/thumbs\/thumbs_sdc12298.jpg\"\n               data-image-id=\"68\"\n               data-title=\"SAMSUNG DIGITAL CAMERA\"\n               data-description=\"\"\n               data-image-slug=\"samsung-digital-camera\"\n               class=\"shutterset_5aa622540f2e35152f5bea5b259ef40f\">\n                <img\n                    title=\"SAMSUNG DIGITAL CAMERA\"\n                    alt=\"SAMSUNG DIGITAL CAMERA\"\n                    src=\"https:\/\/ludaude.fr\/wp-content\/gallery\/fete-de-la-musique-creche\/thumbs\/thumbs_sdc12298.jpg\"\n                    width=\"100\"\n                    height=\"75\"\n                    style=\"max-width:100%;\"\n                \/>\n            <\/a>\n        <\/div>\n\t\t\t\t\t\t\t<\/div> \n\t\t\t\n                            \n\t\t\t\t<div id=\"ngg-image-1\" class=\"ngg-gallery-thumbnail-box\" >\n\t\t\t\t        <div class=\"ngg-gallery-thumbnail\">\n            <a href=\"https:\/\/ludaude.fr\/wp-content\/gallery\/fete-de-la-musique-creche\/sdc12301.jpg\"\n               title=\"\"\n               data-src=\"https:\/\/ludaude.fr\/wp-content\/gallery\/fete-de-la-musique-creche\/sdc12301.jpg\"\n               data-thumbnail=\"https:\/\/ludaude.fr\/wp-content\/gallery\/fete-de-la-musique-creche\/thumbs\/thumbs_sdc12301.jpg\"\n               data-image-id=\"69\"\n               data-title=\"SAMSUNG DIGITAL CAMERA\"\n               data-description=\"\"\n               data-image-slug=\"sdc12301\"\n               class=\"shutterset_5aa622540f2e35152f5bea5b259ef40f\">\n                <img\n                    title=\"SAMSUNG DIGITAL CAMERA\"\n                    alt=\"SAMSUNG DIGITAL CAMERA\"\n                    src=\"https:\/\/ludaude.fr\/wp-content\/gallery\/fete-de-la-musique-creche\/thumbs\/thumbs_sdc12301.jpg\"\n                    width=\"100\"\n                    height=\"75\"\n                    style=\"max-width:100%;\"\n                \/>\n            <\/a>\n        <\/div>\n\t\t\t\t\t\t\t<\/div> \n\t\t\t\n                            \n\t\t\t\t<div id=\"ngg-image-2\" class=\"ngg-gallery-thumbnail-box\" >\n\t\t\t\t        <div class=\"ngg-gallery-thumbnail\">\n            <a href=\"https:\/\/ludaude.fr\/wp-content\/gallery\/fete-de-la-musique-creche\/sdc12302.jpg\"\n               title=\"\"\n               data-src=\"https:\/\/ludaude.fr\/wp-content\/gallery\/fete-de-la-musique-creche\/sdc12302.jpg\"\n               data-thumbnail=\"https:\/\/ludaude.fr\/wp-content\/gallery\/fete-de-la-musique-creche\/thumbs\/thumbs_sdc12302.jpg\"\n               data-image-id=\"70\"\n               data-title=\"SAMSUNG DIGITAL CAMERA\"\n               data-description=\"\"\n               data-image-slug=\"sdc12302\"\n               class=\"shutterset_5aa622540f2e35152f5bea5b259ef40f\">\n                <img\n                    title=\"SAMSUNG DIGITAL CAMERA\"\n                    alt=\"SAMSUNG DIGITAL CAMERA\"\n                    src=\"https:\/\/ludaude.fr\/wp-content\/gallery\/fete-de-la-musique-creche\/thumbs\/thumbs_sdc12302.jpg\"\n                    width=\"100\"\n                    height=\"75\"\n                    style=\"max-width:100%;\"\n                \/>\n            <\/a>\n        <\/div>\n\t\t\t\t\t\t\t<\/div> \n\t\t\t\n                            \n\t\t\t\t<div id=\"ngg-image-3\" class=\"ngg-gallery-thumbnail-box\" >\n\t\t\t\t        <div class=\"ngg-gallery-thumbnail\">\n            <a href=\"https:\/\/ludaude.fr\/wp-content\/gallery\/fete-de-la-musique-creche\/sdc12303.jpg\"\n               title=\"\"\n               data-src=\"https:\/\/ludaude.fr\/wp-content\/gallery\/fete-de-la-musique-creche\/sdc12303.jpg\"\n               data-thumbnail=\"https:\/\/ludaude.fr\/wp-content\/gallery\/fete-de-la-musique-creche\/thumbs\/thumbs_sdc12303.jpg\"\n               data-image-id=\"71\"\n               data-title=\"SAMSUNG DIGITAL CAMERA\"\n               data-description=\"\"\n               data-image-slug=\"sdc12303\"\n               class=\"shutterset_5aa622540f2e35152f5bea5b259ef40f\">\n                <img\n                    title=\"SAMSUNG DIGITAL CAMERA\"\n                    alt=\"SAMSUNG DIGITAL CAMERA\"\n                    src=\"https:\/\/ludaude.fr\/wp-content\/gallery\/fete-de-la-musique-creche\/thumbs\/thumbs_sdc12303.jpg\"\n                    width=\"100\"\n                    height=\"75\"\n                    style=\"max-width:100%;\"\n                \/>\n            <\/a>\n        <\/div>\n\t\t\t\t\t\t\t<\/div> \n\t\t\t\n                            \n\t\t\t\t<div id=\"ngg-image-4\" class=\"ngg-gallery-thumbnail-box\" >\n\t\t\t\t        <div class=\"ngg-gallery-thumbnail\">\n            <a href=\"https:\/\/ludaude.fr\/wp-content\/gallery\/fete-de-la-musique-creche\/sdc12306.jpg\"\n               title=\"SAMSUNG DIGITAL CAMERA\"\n               data-src=\"https:\/\/ludaude.fr\/wp-content\/gallery\/fete-de-la-musique-creche\/sdc12306.jpg\"\n               data-thumbnail=\"https:\/\/ludaude.fr\/wp-content\/gallery\/fete-de-la-musique-creche\/thumbs\/thumbs_sdc12306.jpg\"\n               data-image-id=\"72\"\n               data-title=\"SAMSUNG DIGITAL CAMERA\"\n               data-description=\"SAMSUNG DIGITAL CAMERA\"\n               data-image-slug=\"sdc12306\"\n               class=\"shutterset_5aa622540f2e35152f5bea5b259ef40f\">\n                <img\n                    title=\"SAMSUNG DIGITAL CAMERA\"\n                    alt=\"SAMSUNG DIGITAL CAMERA\"\n                    src=\"https:\/\/ludaude.fr\/wp-content\/gallery\/fete-de-la-musique-creche\/thumbs\/thumbs_sdc12306.jpg\"\n                    width=\"100\"\n                    height=\"75\"\n                    style=\"max-width:100%;\"\n                \/>\n            <\/a>\n        <\/div>\n\t\t\t\t\t\t\t<\/div> \n\t\t\t\n                                    <br style=\"clear: both\" \/>\n                    \n\t\t\t\t<div id=\"ngg-image-5\" class=\"ngg-gallery-thumbnail-box\" >\n\t\t\t\t        <div class=\"ngg-gallery-thumbnail\">\n            <a href=\"https:\/\/ludaude.fr\/wp-content\/gallery\/fete-de-la-musique-creche\/sdc12307.jpg\"\n               title=\"\"\n               data-src=\"https:\/\/ludaude.fr\/wp-content\/gallery\/fete-de-la-musique-creche\/sdc12307.jpg\"\n               data-thumbnail=\"https:\/\/ludaude.fr\/wp-content\/gallery\/fete-de-la-musique-creche\/thumbs\/thumbs_sdc12307.jpg\"\n               data-image-id=\"73\"\n               data-title=\"SAMSUNG DIGITAL CAMERA\"\n               data-description=\"\"\n               data-image-slug=\"samsung-digital-camera-10\"\n               class=\"shutterset_5aa622540f2e35152f5bea5b259ef40f\">\n                <img\n                    title=\"SAMSUNG DIGITAL CAMERA\"\n                    alt=\"SAMSUNG DIGITAL CAMERA\"\n                    src=\"https:\/\/ludaude.fr\/wp-content\/gallery\/fete-de-la-musique-creche\/thumbs\/thumbs_sdc12307.jpg\"\n                    width=\"100\"\n                    height=\"75\"\n                    style=\"max-width:100%;\"\n                \/>\n            <\/a>\n        <\/div>\n\t\t\t\t\t\t\t<\/div> \n\t\t\t\n                            \n\t\t\t\t<div id=\"ngg-image-6\" class=\"ngg-gallery-thumbnail-box\" >\n\t\t\t\t        <div class=\"ngg-gallery-thumbnail\">\n            <a href=\"https:\/\/ludaude.fr\/wp-content\/gallery\/fete-de-la-musique-creche\/sdc12308.jpg\"\n               title=\"\"\n               data-src=\"https:\/\/ludaude.fr\/wp-content\/gallery\/fete-de-la-musique-creche\/sdc12308.jpg\"\n               data-thumbnail=\"https:\/\/ludaude.fr\/wp-content\/gallery\/fete-de-la-musique-creche\/thumbs\/thumbs_sdc12308.jpg\"\n               data-image-id=\"74\"\n               data-title=\"SAMSUNG DIGITAL CAMERA\"\n               data-description=\"\"\n               data-image-slug=\"samsung-digital-camera-9\"\n               class=\"shutterset_5aa622540f2e35152f5bea5b259ef40f\">\n                <img\n                    title=\"SAMSUNG DIGITAL CAMERA\"\n                    alt=\"SAMSUNG DIGITAL CAMERA\"\n                    src=\"https:\/\/ludaude.fr\/wp-content\/gallery\/fete-de-la-musique-creche\/thumbs\/thumbs_sdc12308.jpg\"\n                    width=\"100\"\n                    height=\"75\"\n                    style=\"max-width:100%;\"\n                \/>\n            <\/a>\n        <\/div>\n\t\t\t\t\t\t\t<\/div> \n\t\t\t\n                            \n\t\t\t\t<div id=\"ngg-image-7\" class=\"ngg-gallery-thumbnail-box\" >\n\t\t\t\t        <div class=\"ngg-gallery-thumbnail\">\n            <a href=\"https:\/\/ludaude.fr\/wp-content\/gallery\/fete-de-la-musique-creche\/sdc12310.jpg\"\n               title=\"\"\n               data-src=\"https:\/\/ludaude.fr\/wp-content\/gallery\/fete-de-la-musique-creche\/sdc12310.jpg\"\n               data-thumbnail=\"https:\/\/ludaude.fr\/wp-content\/gallery\/fete-de-la-musique-creche\/thumbs\/thumbs_sdc12310.jpg\"\n               data-image-id=\"75\"\n               data-title=\"SAMSUNG DIGITAL CAMERA\"\n               data-description=\"\"\n               data-image-slug=\"samsung-digital-camera-8\"\n               class=\"shutterset_5aa622540f2e35152f5bea5b259ef40f\">\n                <img\n                    title=\"SAMSUNG DIGITAL CAMERA\"\n                    alt=\"SAMSUNG DIGITAL CAMERA\"\n                    src=\"https:\/\/ludaude.fr\/wp-content\/gallery\/fete-de-la-musique-creche\/thumbs\/thumbs_sdc12310.jpg\"\n                    width=\"100\"\n                    height=\"75\"\n                    style=\"max-width:100%;\"\n                \/>\n            <\/a>\n        <\/div>\n\t\t\t\t\t\t\t<\/div> \n\t\t\t\n                            \n\t\t\t\t<div id=\"ngg-image-8\" class=\"ngg-gallery-thumbnail-box\" >\n\t\t\t\t        <div class=\"ngg-gallery-thumbnail\">\n            <a href=\"https:\/\/ludaude.fr\/wp-content\/gallery\/fete-de-la-musique-creche\/sdc12311.jpg\"\n               title=\"\"\n               data-src=\"https:\/\/ludaude.fr\/wp-content\/gallery\/fete-de-la-musique-creche\/sdc12311.jpg\"\n               data-thumbnail=\"https:\/\/ludaude.fr\/wp-content\/gallery\/fete-de-la-musique-creche\/thumbs\/thumbs_sdc12311.jpg\"\n               data-image-id=\"76\"\n               data-title=\"SAMSUNG DIGITAL CAMERA\"\n               data-description=\"\"\n               data-image-slug=\"samsung-digital-camera-7\"\n               class=\"shutterset_5aa622540f2e35152f5bea5b259ef40f\">\n                <img\n                    title=\"SAMSUNG DIGITAL CAMERA\"\n                    alt=\"SAMSUNG DIGITAL CAMERA\"\n                    src=\"https:\/\/ludaude.fr\/wp-content\/gallery\/fete-de-la-musique-creche\/thumbs\/thumbs_sdc12311.jpg\"\n                    width=\"100\"\n                    height=\"75\"\n                    style=\"max-width:100%;\"\n                \/>\n            <\/a>\n        <\/div>\n\t\t\t\t\t\t\t<\/div> \n\t\t\t\n                            \n\t\t\t\t<div id=\"ngg-image-9\" class=\"ngg-gallery-thumbnail-box\" >\n\t\t\t\t        <div class=\"ngg-gallery-thumbnail\">\n            <a href=\"https:\/\/ludaude.fr\/wp-content\/gallery\/fete-de-la-musique-creche\/sdc12312.jpg\"\n               title=\"\"\n               data-src=\"https:\/\/ludaude.fr\/wp-content\/gallery\/fete-de-la-musique-creche\/sdc12312.jpg\"\n               data-thumbnail=\"https:\/\/ludaude.fr\/wp-content\/gallery\/fete-de-la-musique-creche\/thumbs\/thumbs_sdc12312.jpg\"\n               data-image-id=\"77\"\n               data-title=\"SAMSUNG DIGITAL CAMERA\"\n               data-description=\"\"\n               data-image-slug=\"samsung-digital-camera-6\"\n               class=\"shutterset_5aa622540f2e35152f5bea5b259ef40f\">\n                <img\n                    title=\"SAMSUNG DIGITAL CAMERA\"\n                    alt=\"SAMSUNG DIGITAL CAMERA\"\n                    src=\"https:\/\/ludaude.fr\/wp-content\/gallery\/fete-de-la-musique-creche\/thumbs\/thumbs_sdc12312.jpg\"\n                    width=\"100\"\n                    height=\"75\"\n                    style=\"max-width:100%;\"\n                \/>\n            <\/a>\n        <\/div>\n\t\t\t\t\t\t\t<\/div> \n\t\t\t\n                                    <br style=\"clear: both\" \/>\n                    \n\t\t\t\t<div id=\"ngg-image-10\" class=\"ngg-gallery-thumbnail-box\" >\n\t\t\t\t        <div class=\"ngg-gallery-thumbnail\">\n            <a href=\"https:\/\/ludaude.fr\/wp-content\/gallery\/fete-de-la-musique-creche\/sdc12314.jpg\"\n               title=\"\"\n               data-src=\"https:\/\/ludaude.fr\/wp-content\/gallery\/fete-de-la-musique-creche\/sdc12314.jpg\"\n               data-thumbnail=\"https:\/\/ludaude.fr\/wp-content\/gallery\/fete-de-la-musique-creche\/thumbs\/thumbs_sdc12314.jpg\"\n               data-image-id=\"78\"\n               data-title=\"SAMSUNG DIGITAL CAMERA\"\n               data-description=\"\"\n               data-image-slug=\"samsung-digital-camera-5\"\n               class=\"shutterset_5aa622540f2e35152f5bea5b259ef40f\">\n                <img\n                    title=\"SAMSUNG DIGITAL CAMERA\"\n                    alt=\"SAMSUNG DIGITAL CAMERA\"\n                    src=\"https:\/\/ludaude.fr\/wp-content\/gallery\/fete-de-la-musique-creche\/thumbs\/thumbs_sdc12314.jpg\"\n                    width=\"100\"\n                    height=\"75\"\n                    style=\"max-width:100%;\"\n                \/>\n            <\/a>\n        <\/div>\n\t\t\t\t\t\t\t<\/div> \n\t\t\t\n                            \n\t\t\t\t<div id=\"ngg-image-11\" class=\"ngg-gallery-thumbnail-box\" >\n\t\t\t\t        <div class=\"ngg-gallery-thumbnail\">\n            <a href=\"https:\/\/ludaude.fr\/wp-content\/gallery\/fete-de-la-musique-creche\/sdc12315.jpg\"\n               title=\"\"\n               data-src=\"https:\/\/ludaude.fr\/wp-content\/gallery\/fete-de-la-musique-creche\/sdc12315.jpg\"\n               data-thumbnail=\"https:\/\/ludaude.fr\/wp-content\/gallery\/fete-de-la-musique-creche\/thumbs\/thumbs_sdc12315.jpg\"\n               data-image-id=\"79\"\n               data-title=\"SAMSUNG DIGITAL CAMERA\"\n               data-description=\"\"\n               data-image-slug=\"samsung-digital-camera-4\"\n               class=\"shutterset_5aa622540f2e35152f5bea5b259ef40f\">\n                <img\n                    title=\"SAMSUNG DIGITAL CAMERA\"\n                    alt=\"SAMSUNG DIGITAL CAMERA\"\n                    src=\"https:\/\/ludaude.fr\/wp-content\/gallery\/fete-de-la-musique-creche\/thumbs\/thumbs_sdc12315.jpg\"\n                    width=\"100\"\n                    height=\"75\"\n                    style=\"max-width:100%;\"\n                \/>\n            <\/a>\n        <\/div>\n\t\t\t\t\t\t\t<\/div> \n\t\t\t\n                            \n\t\t\t\t<div id=\"ngg-image-12\" class=\"ngg-gallery-thumbnail-box\" >\n\t\t\t\t        <div class=\"ngg-gallery-thumbnail\">\n            <a href=\"https:\/\/ludaude.fr\/wp-content\/gallery\/fete-de-la-musique-creche\/sdc12316.jpg\"\n               title=\"\"\n               data-src=\"https:\/\/ludaude.fr\/wp-content\/gallery\/fete-de-la-musique-creche\/sdc12316.jpg\"\n               data-thumbnail=\"https:\/\/ludaude.fr\/wp-content\/gallery\/fete-de-la-musique-creche\/thumbs\/thumbs_sdc12316.jpg\"\n               data-image-id=\"80\"\n               data-title=\"SAMSUNG DIGITAL CAMERA\"\n               data-description=\"\"\n               data-image-slug=\"samsung-digital-camera-3\"\n               class=\"shutterset_5aa622540f2e35152f5bea5b259ef40f\">\n                <img\n                    title=\"SAMSUNG DIGITAL CAMERA\"\n                    alt=\"SAMSUNG DIGITAL CAMERA\"\n                    src=\"https:\/\/ludaude.fr\/wp-content\/gallery\/fete-de-la-musique-creche\/thumbs\/thumbs_sdc12316.jpg\"\n                    width=\"100\"\n                    height=\"75\"\n                    style=\"max-width:100%;\"\n                \/>\n            <\/a>\n        <\/div>\n\t\t\t\t\t\t\t<\/div> \n\t\t\t\n                            \n\t\t\t\t<div id=\"ngg-image-13\" class=\"ngg-gallery-thumbnail-box\" >\n\t\t\t\t        <div class=\"ngg-gallery-thumbnail\">\n            <a href=\"https:\/\/ludaude.fr\/wp-content\/gallery\/fete-de-la-musique-creche\/sdc12320.jpg\"\n               title=\"\"\n               data-src=\"https:\/\/ludaude.fr\/wp-content\/gallery\/fete-de-la-musique-creche\/sdc12320.jpg\"\n               data-thumbnail=\"https:\/\/ludaude.fr\/wp-content\/gallery\/fete-de-la-musique-creche\/thumbs\/thumbs_sdc12320.jpg\"\n               data-image-id=\"81\"\n               data-title=\"SAMSUNG DIGITAL CAMERA\"\n               data-description=\"\"\n               data-image-slug=\"samsung-digital-camera-2\"\n               class=\"shutterset_5aa622540f2e35152f5bea5b259ef40f\">\n                <img\n                    title=\"SAMSUNG DIGITAL CAMERA\"\n                    alt=\"SAMSUNG DIGITAL CAMERA\"\n                    src=\"https:\/\/ludaude.fr\/wp-content\/gallery\/fete-de-la-musique-creche\/thumbs\/thumbs_sdc12320.jpg\"\n                    width=\"100\"\n                    height=\"75\"\n                    style=\"max-width:100%;\"\n                \/>\n            <\/a>\n        <\/div>\n\t\t\t\t\t\t\t<\/div> \n\t\t\t\n                            \n\t\t\t\t<div id=\"ngg-image-14\" class=\"ngg-gallery-thumbnail-box\" >\n\t\t\t\t        <div class=\"ngg-gallery-thumbnail\">\n            <a href=\"https:\/\/ludaude.fr\/wp-content\/gallery\/fete-de-la-musique-creche\/sdc12322.jpg\"\n               title=\"\"\n               data-src=\"https:\/\/ludaude.fr\/wp-content\/gallery\/fete-de-la-musique-creche\/sdc12322.jpg\"\n               data-thumbnail=\"https:\/\/ludaude.fr\/wp-content\/gallery\/fete-de-la-musique-creche\/thumbs\/thumbs_sdc12322.jpg\"\n               data-image-id=\"82\"\n               data-title=\"SAMSUNG DIGITAL CAMERA\"\n               data-description=\"\"\n               data-image-slug=\"sdc12322\"\n               class=\"shutterset_5aa622540f2e35152f5bea5b259ef40f\">\n                <img\n                    title=\"SAMSUNG DIGITAL CAMERA\"\n                    alt=\"SAMSUNG DIGITAL CAMERA\"\n                    src=\"https:\/\/ludaude.fr\/wp-content\/gallery\/fete-de-la-musique-creche\/thumbs\/thumbs_sdc12322.jpg\"\n                    width=\"100\"\n                    height=\"75\"\n                    style=\"max-width:100%;\"\n                \/>\n            <\/a>\n        <\/div>\n\t\t\t\t\t\t\t<\/div> \n\t\t\t\n                                    <br style=\"clear: both\" \/>\n                    \n\t\t\n\t\t<!-- Pagination -->\n\t<div class='ngg-clear'><\/div>\t<\/div>\n<\/p>\n<p style=\"text-align: center;\"><strong><span style=\"text-decoration: underline;\">Quelques-unes de nos interventions en 2010:<\/span><\/strong><\/p>\n<p style=\"text-align: left;\">&#8211; Le dimanche 11 Juillet au Feu d&rsquo;Artifice de Couiza de 15h30 \u00e0 18h30<\/p>\n<p style=\"text-align: left;\">&#8211; Le samedi 24 Juillet \u00e0 Rennes les Bains<\/p>\n<p style=\"text-align: left;\">&#8211; Le mardi 27 juillet de 13h30 \u00e0 16h30 au centre de loisirs de Montr\u00e9al<\/p>\n<p style=\"text-align: left;\"><a href=\"http:\/\/ludaude.fr\/wp-content\/uploads\/2009\/01\/photo001.jpg\"><img loading=\"lazy\" decoding=\"async\" class=\"alignnone size-thumbnail wp-image-1103\" title=\"photo001\" src=\"http:\/\/ludaude.fr\/wp-content\/uploads\/2009\/01\/photo001-150x150.jpg\" alt=\"photo001\" width=\"120\" height=\"120\" \/><\/a>\u00a0\u00a0 <a href=\"http:\/\/ludaude.fr\/wp-content\/uploads\/2009\/01\/photo059.jpg\"><img loading=\"lazy\" decoding=\"async\" class=\"alignnone size-thumbnail wp-image-1105\" title=\"photo059\" src=\"http:\/\/ludaude.fr\/wp-content\/uploads\/2009\/01\/photo059-150x150.jpg\" alt=\"photo059\" width=\"120\" height=\"120\" \/><\/a>\u00a0\u00a0 <a href=\"http:\/\/ludaude.fr\/wp-content\/uploads\/2009\/01\/photo009.jpg\"><img loading=\"lazy\" decoding=\"async\" class=\"alignnone size-thumbnail wp-image-1104\" title=\"photo009\" src=\"http:\/\/ludaude.fr\/wp-content\/uploads\/2009\/01\/photo009-150x150.jpg\" alt=\"photo009\" width=\"120\" height=\"120\" \/><\/a><\/p>\n<p style=\"text-align: left;\">&#8211;\u00a0Les\u00a015\u00a0\u00a0et 29 \u00a0Juillet et\u00a012 Ao\u00fbt au chateau d&rsquo;Arques de 14h \u00e0 18h :<\/p>\n<p><a href=\"http:\/\/ludaude.fr\/wp-content\/uploads\/2009\/01\/dsc066003.jpg\"><img loading=\"lazy\" decoding=\"async\" class=\"size-full wp-image-1436 alignnone\" title=\"y'a pas que les enfants qui jouent!\" src=\"http:\/\/ludaude.fr\/wp-content\/uploads\/2009\/01\/dsc066003.jpg\" alt=\"y'a pas que les enfants qui jouent!\" width=\"150\" height=\"150\" \/><\/a><\/p>\n<p style=\"text-align: left;\">&#8211; Le 06 Ao\u00fbt au chateau de Thermes<\/p>\n<p style=\"text-align: left;\">&#8211; Le 22 Ao\u00fbt \u00e0 Miss\u00e8gre<\/p>\n","protected":false},"excerpt":{"rendered":"<p>Quelques-unes de nos interventions en 2012: F\u00eate de la musique inter-cr\u00e8ches, le 14 juin 2012 : La ludoth\u00e8que est intervenu&hellip; <a class=\"read-more\" href=\"https:\/\/ludaude.fr\/?page_id=63\">Continuer la lecture<\/a><\/p>\n","protected":false},"author":1,"featured_media":0,"parent":0,"menu_order":4,"comment_status":"closed","ping_status":"closed","template":"","meta":{"ngg_post_thumbnail":0,"footnotes":""},"class_list":["post-63","page","type-page","status-publish","hentry"],"_links":{"self":[{"href":"https:\/\/ludaude.fr\/index.php?rest_route=\/wp\/v2\/pages\/63","targetHints":{"allow":["GET"]}}],"collection":[{"href":"https:\/\/ludaude.fr\/index.php?rest_route=\/wp\/v2\/pages"}],"about":[{"href":"https:\/\/ludaude.fr\/index.php?rest_route=\/wp\/v2\/types\/page"}],"author":[{"embeddable":true,"href":"https:\/\/ludaude.fr\/index.php?rest_route=\/wp\/v2\/users\/1"}],"replies":[{"embeddable":true,"href":"https:\/\/ludaude.fr\/index.php?rest_route=%2Fwp%2Fv2%2Fcomments&post=63"}],"version-history":[{"count":104,"href":"https:\/\/ludaude.fr\/index.php?rest_route=\/wp\/v2\/pages\/63\/revisions"}],"predecessor-version":[{"id":2102,"href":"https:\/\/ludaude.fr\/index.php?rest_route=\/wp\/v2\/pages\/63\/revisions\/2102"}],"wp:attachment":[{"href":"https:\/\/ludaude.fr\/index.php?rest_route=%2Fwp%2Fv2%2Fmedia&parent=63"}],"curies":[{"name":"wp","href":"https:\/\/api.w.org\/{rel}","templated":true}]}}